{"id":5295,"date":"2026-05-07T12:08:22","date_gmt":"2026-05-07T10:08:22","guid":{"rendered":"https:\/\/ideal-shopping.fr\/?post_type=product&#038;p=5295"},"modified":"2026-05-07T12:08:22","modified_gmt":"2026-05-07T10:08:22","slug":"t-shirt-clark","status":"publish","type":"product","link":"https:\/\/ideal-shopping.fr\/?product=t-shirt-clark","title":{"rendered":"T-shirt Clark"},"content":{"rendered":"<p>Cardigan manches courtes ajust\u00e9 en jersey \u00e0 c\u00f4tes, confectionn\u00e9 au Portugal, patte de boutonnage en popeline.<\/p>\n<p>Ce produit est compos\u00e9 de TENCEL\u2122 Lyocell, fibres issues de sources de bois<\/p>\n<div class=\"free_desc\">\n<p>Col rond.<br \/>\nManches courtes.<br \/>\nFermeture boutonn\u00e9e contrast\u00e9e et boutons bijoux.<br \/>\nMod\u00e8le pr\u00e8s du corps.<\/p>\n<\/div>\n<p class=\"composition\">67% Lyocell 33% Coton<\/p>\n","protected":false},"excerpt":{"rendered":"<p>Cardigan manches courtes ajust\u00e9 en jersey \u00e0 c\u00f4tes, confectionn\u00e9 au Portugal, patte de boutonnage en popeline. Ce produit est compos\u00e9 de TENCEL\u2122 Lyocell, fibres issues de sources de bois Col rond. Manches courtes. Fermeture boutonn\u00e9e contrast\u00e9e et boutons bijoux. Mod\u00e8le pr\u00e8s du corps. 67% Lyocell 33% Coton<\/p>\n","protected":false},"featured_media":5296,"template":"","meta":[],"product_brand":[],"product_cat":[15],"product_tag":[],"class_list":{"0":"post-5295","1":"product","2":"type-product","3":"status-publish","4":"has-post-thumbnail","6":"product_cat-non-classe","7":"pa_marque-sessun","9":"first","10":"outofstock","11":"shipping-taxable","12":"product-type-variable"},"jetpack_sharing_enabled":true,"_links":{"self":[{"href":"https:\/\/ideal-shopping.fr\/index.php?rest_route=\/wp\/v2\/product\/5295","targetHints":{"allow":["GET"]}}],"collection":[{"href":"https:\/\/ideal-shopping.fr\/index.php?rest_route=\/wp\/v2\/product"}],"about":[{"href":"https:\/\/ideal-shopping.fr\/index.php?rest_route=\/wp\/v2\/types\/product"}],"wp:featuredmedia":[{"embeddable":true,"href":"https:\/\/ideal-shopping.fr\/index.php?rest_route=\/wp\/v2\/media\/5296"}],"wp:attachment":[{"href":"https:\/\/ideal-shopping.fr\/index.php?rest_route=%2Fwp%2Fv2%2Fmedia&parent=5295"}],"wp:term":[{"taxonomy":"product_brand","embeddable":true,"href":"https:\/\/ideal-shopping.fr\/index.php?rest_route=%2Fwp%2Fv2%2Fproduct_brand&post=5295"},{"taxonomy":"product_cat","embeddable":true,"href":"https:\/\/ideal-shopping.fr\/index.php?rest_route=%2Fwp%2Fv2%2Fproduct_cat&post=5295"},{"taxonomy":"product_tag","embeddable":true,"href":"https:\/\/ideal-shopping.fr\/index.php?rest_route=%2Fwp%2Fv2%2Fproduct_tag&post=5295"}],"curies":[{"name":"wp","href":"https:\/\/api.w.org\/{rel}","templated":true}]}}