{"id":5290,"date":"2026-05-07T12:04:52","date_gmt":"2026-05-07T10:04:52","guid":{"rendered":"https:\/\/ideal-shopping.fr\/?post_type=product&#038;p=5290"},"modified":"2026-05-07T12:04:52","modified_gmt":"2026-05-07T10:04:52","slug":"top-les-bains","status":"publish","type":"product","link":"https:\/\/ideal-shopping.fr\/?product=top-les-bains","title":{"rendered":"Top Les bains"},"content":{"rendered":"<p>Top sans manches \u00e0 col rond, en toile de viscose fluide et a\u00e9rienne imprim\u00e9e, motif exclusif Sess\u00f9n.<\/p>\n<div class=\"free_desc\">\n<p>Col rond.<br \/>\nSans manches.<br \/>\nD\u00e9coupes arrondies ajour\u00e9es devant et boutons bijoux.<br \/>\nFermeture au dos par fente et bouton bijou.<\/p>\n<\/div>\n<p class=\"composition\">100% Viscose<\/p>\n","protected":false},"excerpt":{"rendered":"<p>Top sans manches \u00e0 col rond, en toile de viscose fluide et a\u00e9rienne imprim\u00e9e, motif exclusif Sess\u00f9n. Col rond. Sans manches. D\u00e9coupes arrondies ajour\u00e9es devant et boutons bijoux. Fermeture au dos par fente et bouton bijou. 100% Viscose<\/p>\n","protected":false},"featured_media":5292,"template":"","meta":[],"product_brand":[],"product_cat":[15],"product_tag":[],"class_list":{"0":"post-5290","1":"product","2":"type-product","3":"status-publish","4":"has-post-thumbnail","6":"product_cat-non-classe","7":"pa_marque-sessun","9":"first","10":"instock","11":"shipping-taxable","12":"purchasable","13":"product-type-variable"},"jetpack_sharing_enabled":true,"_links":{"self":[{"href":"https:\/\/ideal-shopping.fr\/index.php?rest_route=\/wp\/v2\/product\/5290","targetHints":{"allow":["GET"]}}],"collection":[{"href":"https:\/\/ideal-shopping.fr\/index.php?rest_route=\/wp\/v2\/product"}],"about":[{"href":"https:\/\/ideal-shopping.fr\/index.php?rest_route=\/wp\/v2\/types\/product"}],"wp:featuredmedia":[{"embeddable":true,"href":"https:\/\/ideal-shopping.fr\/index.php?rest_route=\/wp\/v2\/media\/5292"}],"wp:attachment":[{"href":"https:\/\/ideal-shopping.fr\/index.php?rest_route=%2Fwp%2Fv2%2Fmedia&parent=5290"}],"wp:term":[{"taxonomy":"product_brand","embeddable":true,"href":"https:\/\/ideal-shopping.fr\/index.php?rest_route=%2Fwp%2Fv2%2Fproduct_brand&post=5290"},{"taxonomy":"product_cat","embeddable":true,"href":"https:\/\/ideal-shopping.fr\/index.php?rest_route=%2Fwp%2Fv2%2Fproduct_cat&post=5290"},{"taxonomy":"product_tag","embeddable":true,"href":"https:\/\/ideal-shopping.fr\/index.php?rest_route=%2Fwp%2Fv2%2Fproduct_tag&post=5290"}],"curies":[{"name":"wp","href":"https:\/\/api.w.org\/{rel}","templated":true}]}}