{"id":5279,"date":"2026-05-07T11:51:37","date_gmt":"2026-05-07T09:51:37","guid":{"rendered":"https:\/\/ideal-shopping.fr\/?post_type=product&#038;p=5279"},"modified":"2026-05-07T11:51:37","modified_gmt":"2026-05-07T09:51:37","slug":"robe-anatole","status":"publish","type":"product","link":"https:\/\/ideal-shopping.fr\/?product=robe-anatole","title":{"rendered":"Robe Anatole"},"content":{"rendered":"<p>Robe chemisier \u00e0 manches courtes en voile de viscose \u00e0 rayures jacquard ton sur ton.<\/p>\n<div class=\"content\">\n<div class=\"free_desc\">\n<p>Fermeture boutonn\u00e9e devant.<br \/>\nManches 3\/4 \u00e0 revers.<br \/>\nLarges poches plaqu\u00e9es \u00e0 rabats boutonn\u00e9s devant.<br \/>\nTaille \u00e9lastiqu\u00e9e et liens dans la mati\u00e8re \u00e0 nouer a la taille.<br \/>\nD\u00e9tails de pattes et boucles en bas de manches<br \/>\nFentes en bas de robe sur les c\u00f4t\u00e9s.<\/p>\n<\/div>\n<p class=\"composition\">71% Viscose 17% Polyamide 12% Coton<\/p>\n<\/div>\n","protected":false},"excerpt":{"rendered":"<p>Robe chemisier \u00e0 manches courtes en voile de viscose \u00e0 rayures jacquard ton sur ton. Fermeture boutonn\u00e9e devant. Manches 3\/4 \u00e0 revers. Larges poches plaqu\u00e9es \u00e0 rabats boutonn\u00e9s devant. Taille \u00e9lastiqu\u00e9e et liens dans la mati\u00e8re \u00e0 nouer a la taille. D\u00e9tails de pattes et boucles en bas de manches Fentes en bas de robe&hellip;<\/p>\n","protected":false},"featured_media":5281,"template":"","meta":[],"product_brand":[],"product_cat":[15],"product_tag":[],"class_list":{"0":"post-5279","1":"product","2":"type-product","3":"status-publish","4":"has-post-thumbnail","6":"product_cat-non-classe","7":"pa_marque-sessun","9":"first","10":"instock","11":"shipping-taxable","12":"purchasable","13":"product-type-variable"},"jetpack_sharing_enabled":true,"_links":{"self":[{"href":"https:\/\/ideal-shopping.fr\/index.php?rest_route=\/wp\/v2\/product\/5279","targetHints":{"allow":["GET"]}}],"collection":[{"href":"https:\/\/ideal-shopping.fr\/index.php?rest_route=\/wp\/v2\/product"}],"about":[{"href":"https:\/\/ideal-shopping.fr\/index.php?rest_route=\/wp\/v2\/types\/product"}],"wp:featuredmedia":[{"embeddable":true,"href":"https:\/\/ideal-shopping.fr\/index.php?rest_route=\/wp\/v2\/media\/5281"}],"wp:attachment":[{"href":"https:\/\/ideal-shopping.fr\/index.php?rest_route=%2Fwp%2Fv2%2Fmedia&parent=5279"}],"wp:term":[{"taxonomy":"product_brand","embeddable":true,"href":"https:\/\/ideal-shopping.fr\/index.php?rest_route=%2Fwp%2Fv2%2Fproduct_brand&post=5279"},{"taxonomy":"product_cat","embeddable":true,"href":"https:\/\/ideal-shopping.fr\/index.php?rest_route=%2Fwp%2Fv2%2Fproduct_cat&post=5279"},{"taxonomy":"product_tag","embeddable":true,"href":"https:\/\/ideal-shopping.fr\/index.php?rest_route=%2Fwp%2Fv2%2Fproduct_tag&post=5279"}],"curies":[{"name":"wp","href":"https:\/\/api.w.org\/{rel}","templated":true}]}}