{"id":5274,"date":"2026-05-07T11:44:32","date_gmt":"2026-05-07T09:44:32","guid":{"rendered":"https:\/\/ideal-shopping.fr\/?post_type=product&#038;p=5274"},"modified":"2026-05-07T11:44:32","modified_gmt":"2026-05-07T09:44:32","slug":"pantalon-aldricks","status":"publish","type":"product","link":"https:\/\/ideal-shopping.fr\/?product=pantalon-aldricks","title":{"rendered":"Pantalon Aldricks"},"content":{"rendered":"<p>Pantalon droit 7\/8\u00e8me \u00e0 plis marqu\u00e9s, poches plaqu\u00e9es devant et dos, en drill teint en plong\u00e9e, tiss\u00e9 en Espagne.<\/p>\n<p>Le coton utilis\u00e9 pour la confection de ce produit est un coton organique certifi\u00e9 GOTS provenant de l&rsquo;agriculture biologique. Il est cultiv\u00e9 dans le respect de l&rsquo;environnement et des Hommes, sans engrais ni additifs chimiques.<\/p>\n<div class=\"free_desc\">\n<p>Taille haute.<br \/>\nFermeture \u00e0 bouton \u00e0 la ceinture et fermeture \u00e0 glissi\u00e8re cach\u00e9e.<br \/>\nPoches plaqu\u00e9es avec double surpiq\u00fbres devant et dos.<br \/>\nD\u00e9tails de plis marqu\u00e9s le long de la jambe.<\/p>\n<\/div>\n<p class=\"composition\">100% Coton<\/p>\n","protected":false},"excerpt":{"rendered":"<p>Pantalon droit 7\/8\u00e8me \u00e0 plis marqu\u00e9s, poches plaqu\u00e9es devant et dos, en drill teint en plong\u00e9e, tiss\u00e9 en Espagne. Le coton utilis\u00e9 pour la confection de ce produit est un coton organique certifi\u00e9 GOTS provenant de l&rsquo;agriculture biologique. Il est cultiv\u00e9 dans le respect de l&rsquo;environnement et des Hommes, sans engrais ni additifs chimiques. Taille&hellip;<\/p>\n","protected":false},"featured_media":5276,"template":"","meta":[],"product_brand":[],"product_cat":[15],"product_tag":[],"class_list":{"0":"post-5274","1":"product","2":"type-product","3":"status-publish","4":"has-post-thumbnail","6":"product_cat-non-classe","7":"pa_marque-sessun","9":"first","10":"instock","11":"shipping-taxable","12":"purchasable","13":"product-type-variable"},"jetpack_sharing_enabled":true,"_links":{"self":[{"href":"https:\/\/ideal-shopping.fr\/index.php?rest_route=\/wp\/v2\/product\/5274","targetHints":{"allow":["GET"]}}],"collection":[{"href":"https:\/\/ideal-shopping.fr\/index.php?rest_route=\/wp\/v2\/product"}],"about":[{"href":"https:\/\/ideal-shopping.fr\/index.php?rest_route=\/wp\/v2\/types\/product"}],"wp:featuredmedia":[{"embeddable":true,"href":"https:\/\/ideal-shopping.fr\/index.php?rest_route=\/wp\/v2\/media\/5276"}],"wp:attachment":[{"href":"https:\/\/ideal-shopping.fr\/index.php?rest_route=%2Fwp%2Fv2%2Fmedia&parent=5274"}],"wp:term":[{"taxonomy":"product_brand","embeddable":true,"href":"https:\/\/ideal-shopping.fr\/index.php?rest_route=%2Fwp%2Fv2%2Fproduct_brand&post=5274"},{"taxonomy":"product_cat","embeddable":true,"href":"https:\/\/ideal-shopping.fr\/index.php?rest_route=%2Fwp%2Fv2%2Fproduct_cat&post=5274"},{"taxonomy":"product_tag","embeddable":true,"href":"https:\/\/ideal-shopping.fr\/index.php?rest_route=%2Fwp%2Fv2%2Fproduct_tag&post=5274"}],"curies":[{"name":"wp","href":"https:\/\/api.w.org\/{rel}","templated":true}]}}