{"id":5264,"date":"2026-05-07T11:31:30","date_gmt":"2026-05-07T09:31:30","guid":{"rendered":"https:\/\/ideal-shopping.fr\/?post_type=product&#038;p=5264"},"modified":"2026-05-07T11:31:31","modified_gmt":"2026-05-07T09:31:31","slug":"pantalon-islanim","status":"publish","type":"product","link":"https:\/\/ideal-shopping.fr\/?product=pantalon-islanim","title":{"rendered":"Pantalon Islanim"},"content":{"rendered":"<p>Pantalon 7\/8\u00e8me ample \u00e0 taille \u00e9lastiqu\u00e9e en serg\u00e9 de lyocell fluide \u00e0 fils indigo, tiss\u00e9 en Espagne.<\/p>\n<p>Ce produit est compos\u00e9 de TENCEL\u2122 Lyocell, fibres issues de sources de bois renouvelables labellis\u00e9es g\u00e9r\u00e9es durablement et utilisant un proc\u00e9d\u00e9 limitant la pollution et les rejets toxiques. TENCEL\u2122 est une marque d\u00e9pos\u00e9e de Lenzing AG.<\/p>\n<div class=\"free_desc\">\n<p>Taille haute \u00e9lastiqu\u00e9e.<br \/>\nPoches dans la couture c\u00f4t\u00e9.<br \/>\nPlis couch\u00e9s sous la ceinture.<\/p>\n<\/div>\n<p class=\"composition\">100% Lyocell<\/p>\n","protected":false},"excerpt":{"rendered":"<p>Pantalon 7\/8\u00e8me ample \u00e0 taille \u00e9lastiqu\u00e9e en serg\u00e9 de lyocell fluide \u00e0 fils indigo, tiss\u00e9 en Espagne. Ce produit est compos\u00e9 de TENCEL\u2122 Lyocell, fibres issues de sources de bois renouvelables labellis\u00e9es g\u00e9r\u00e9es durablement et utilisant un proc\u00e9d\u00e9 limitant la pollution et les rejets toxiques. TENCEL\u2122 est une marque d\u00e9pos\u00e9e de Lenzing AG. Taille haute&hellip;<\/p>\n","protected":false},"featured_media":5266,"template":"","meta":[],"product_brand":[],"product_cat":[15],"product_tag":[],"class_list":{"0":"post-5264","1":"product","2":"type-product","3":"status-publish","4":"has-post-thumbnail","6":"product_cat-non-classe","7":"pa_marque-sessun","9":"first","10":"instock","11":"shipping-taxable","12":"purchasable","13":"product-type-variable"},"jetpack_sharing_enabled":true,"_links":{"self":[{"href":"https:\/\/ideal-shopping.fr\/index.php?rest_route=\/wp\/v2\/product\/5264","targetHints":{"allow":["GET"]}}],"collection":[{"href":"https:\/\/ideal-shopping.fr\/index.php?rest_route=\/wp\/v2\/product"}],"about":[{"href":"https:\/\/ideal-shopping.fr\/index.php?rest_route=\/wp\/v2\/types\/product"}],"wp:featuredmedia":[{"embeddable":true,"href":"https:\/\/ideal-shopping.fr\/index.php?rest_route=\/wp\/v2\/media\/5266"}],"wp:attachment":[{"href":"https:\/\/ideal-shopping.fr\/index.php?rest_route=%2Fwp%2Fv2%2Fmedia&parent=5264"}],"wp:term":[{"taxonomy":"product_brand","embeddable":true,"href":"https:\/\/ideal-shopping.fr\/index.php?rest_route=%2Fwp%2Fv2%2Fproduct_brand&post=5264"},{"taxonomy":"product_cat","embeddable":true,"href":"https:\/\/ideal-shopping.fr\/index.php?rest_route=%2Fwp%2Fv2%2Fproduct_cat&post=5264"},{"taxonomy":"product_tag","embeddable":true,"href":"https:\/\/ideal-shopping.fr\/index.php?rest_route=%2Fwp%2Fv2%2Fproduct_tag&post=5264"}],"curies":[{"name":"wp","href":"https:\/\/api.w.org\/{rel}","templated":true}]}}