{"id":5258,"date":"2026-05-07T11:24:05","date_gmt":"2026-05-07T09:24:05","guid":{"rendered":"https:\/\/ideal-shopping.fr\/?post_type=product&#038;p=5258"},"modified":"2026-05-07T11:24:06","modified_gmt":"2026-05-07T09:24:06","slug":"pantalon-manhablue","status":"publish","type":"product","link":"https:\/\/ideal-shopping.fr\/?product=pantalon-manhablue","title":{"rendered":"Pantalon Manhablue"},"content":{"rendered":"<p>Pantalon \u00e9vas\u00e9 \u00e0 poches plaqu\u00e9es en denim l\u00e9ger stonewash\u00e9.<\/p>\n<p>Le coton utilis\u00e9 pour la confection de ce produit est recycl\u00e9, cela permet de r\u00e9duire son impact environnemental et de s&rsquo;int\u00e9grer dans une d\u00e9marche plus large de pr\u00e9servation des ressources.<\/p>\n<div class=\"imgs-block\">\n<div class=\"d-none d-md-block\"><\/div>\n<div class=\"linked d-none d-md-block\">Taille haute.<br \/>\nJambes regular.<br \/>\nFermeture par bouton \u00e0 la ceinture et glissi\u00e8re cach\u00e9e.<br \/>\nPoches plaqu\u00e9es avec double surpiq\u00fbre devant et au d<\/div>\n<\/div>\n<div class=\"infos-block flow-sticky\">\n<div id=\"sticky\">\n<div class=\"title-price\">\n<div class=\"title\">\n<h1><\/h1>\n<div class=\"d-none d-md-block\">\n<div class=\"product-wishlist d-block\"><\/div>\n<\/div>\n<\/div>\n<\/div>\n<div class=\"flow-action\">\n<div class=\"product-children-form \">\n<form class=\"block\" accept-charset=\"utf-8\" action=\"https:\/\/fr.sessun.com\/store\/product\/products\/pantalons\/manhablue-bay-blue.html\" autocomplete=\"off\" method=\"post\">\n<div class=\"attr-form -color\"><\/div>\n<div class=\"attr-form -size\"><\/div>\n<\/form>\n<\/div>\n<div class=\"product-options-form\"><\/div>\n<div class=\"product-actions-block\">\n<div class=\"product-cart-form\">\n<div class=\"msg-inline\">\n<p class=\"stock-alert \">\n<\/div>\n<\/div>\n<\/div>\n<\/div>\n<\/div>\n<\/div>\n","protected":false},"excerpt":{"rendered":"<p>Pantalon \u00e9vas\u00e9 \u00e0 poches plaqu\u00e9es en denim l\u00e9ger stonewash\u00e9. Le coton utilis\u00e9 pour la confection de ce produit est recycl\u00e9, cela permet de r\u00e9duire son impact environnemental et de s&rsquo;int\u00e9grer dans une d\u00e9marche plus large de pr\u00e9servation des ressources. Taille haute. Jambes regular. Fermeture par bouton \u00e0 la ceinture et glissi\u00e8re cach\u00e9e. Poches plaqu\u00e9es avec&hellip;<\/p>\n","protected":false},"featured_media":5261,"template":"","meta":[],"product_brand":[],"product_cat":[15],"product_tag":[],"class_list":{"0":"post-5258","1":"product","2":"type-product","3":"status-publish","4":"has-post-thumbnail","6":"product_cat-non-classe","7":"pa_marque-sessun","9":"first","10":"instock","11":"shipping-taxable","12":"purchasable","13":"product-type-variable"},"jetpack_sharing_enabled":true,"_links":{"self":[{"href":"https:\/\/ideal-shopping.fr\/index.php?rest_route=\/wp\/v2\/product\/5258","targetHints":{"allow":["GET"]}}],"collection":[{"href":"https:\/\/ideal-shopping.fr\/index.php?rest_route=\/wp\/v2\/product"}],"about":[{"href":"https:\/\/ideal-shopping.fr\/index.php?rest_route=\/wp\/v2\/types\/product"}],"wp:featuredmedia":[{"embeddable":true,"href":"https:\/\/ideal-shopping.fr\/index.php?rest_route=\/wp\/v2\/media\/5261"}],"wp:attachment":[{"href":"https:\/\/ideal-shopping.fr\/index.php?rest_route=%2Fwp%2Fv2%2Fmedia&parent=5258"}],"wp:term":[{"taxonomy":"product_brand","embeddable":true,"href":"https:\/\/ideal-shopping.fr\/index.php?rest_route=%2Fwp%2Fv2%2Fproduct_brand&post=5258"},{"taxonomy":"product_cat","embeddable":true,"href":"https:\/\/ideal-shopping.fr\/index.php?rest_route=%2Fwp%2Fv2%2Fproduct_cat&post=5258"},{"taxonomy":"product_tag","embeddable":true,"href":"https:\/\/ideal-shopping.fr\/index.php?rest_route=%2Fwp%2Fv2%2Fproduct_tag&post=5258"}],"curies":[{"name":"wp","href":"https:\/\/api.w.org\/{rel}","templated":true}]}}