{"id":5252,"date":"2026-05-07T11:16:05","date_gmt":"2026-05-07T09:16:05","guid":{"rendered":"https:\/\/ideal-shopping.fr\/?post_type=product&#038;p=5252"},"modified":"2026-05-07T11:16:05","modified_gmt":"2026-05-07T09:16:05","slug":"pantalon-allindy","status":"publish","type":"product","link":"https:\/\/ideal-shopping.fr\/?product=pantalon-allindy","title":{"rendered":"Pantalon Allindy"},"content":{"rendered":"<p>Pantalon droit 7\/8\u00e8me en popeline de coton l\u00e9g\u00e8re et broderies all-over ajour\u00e9es esprit broderie anglaise, motif exclusif Sess\u00f9n.<\/p>\n<p>Fermeture par bouton int\u00e9rieur et glissi\u00e8re cach\u00e9e.<br \/>\nD\u00e9passant \u00e0 la ceinture \u00e0 bouton bijou.<br \/>\nD\u00e9tails de fentes en bas de jambe, \u00e0 patte boutonn\u00e9e par un bouton bijou.<br \/>\nDoublure en haut de jambe.<\/p>\n","protected":false},"excerpt":{"rendered":"<p>Pantalon droit 7\/8\u00e8me en popeline de coton l\u00e9g\u00e8re et broderies all-over ajour\u00e9es esprit broderie anglaise, motif exclusif Sess\u00f9n. Fermeture par bouton int\u00e9rieur et glissi\u00e8re cach\u00e9e. D\u00e9passant \u00e0 la ceinture \u00e0 bouton bijou. D\u00e9tails de fentes en bas de jambe, \u00e0 patte boutonn\u00e9e par un bouton bijou. Doublure en haut de jambe.<\/p>\n","protected":false},"featured_media":5254,"template":"","meta":[],"product_brand":[],"product_cat":[15],"product_tag":[],"class_list":{"0":"post-5252","1":"product","2":"type-product","3":"status-publish","4":"has-post-thumbnail","6":"product_cat-non-classe","7":"pa_marque-sessun","9":"first","10":"instock","11":"shipping-taxable","12":"purchasable","13":"product-type-variable"},"jetpack_sharing_enabled":true,"_links":{"self":[{"href":"https:\/\/ideal-shopping.fr\/index.php?rest_route=\/wp\/v2\/product\/5252","targetHints":{"allow":["GET"]}}],"collection":[{"href":"https:\/\/ideal-shopping.fr\/index.php?rest_route=\/wp\/v2\/product"}],"about":[{"href":"https:\/\/ideal-shopping.fr\/index.php?rest_route=\/wp\/v2\/types\/product"}],"wp:featuredmedia":[{"embeddable":true,"href":"https:\/\/ideal-shopping.fr\/index.php?rest_route=\/wp\/v2\/media\/5254"}],"wp:attachment":[{"href":"https:\/\/ideal-shopping.fr\/index.php?rest_route=%2Fwp%2Fv2%2Fmedia&parent=5252"}],"wp:term":[{"taxonomy":"product_brand","embeddable":true,"href":"https:\/\/ideal-shopping.fr\/index.php?rest_route=%2Fwp%2Fv2%2Fproduct_brand&post=5252"},{"taxonomy":"product_cat","embeddable":true,"href":"https:\/\/ideal-shopping.fr\/index.php?rest_route=%2Fwp%2Fv2%2Fproduct_cat&post=5252"},{"taxonomy":"product_tag","embeddable":true,"href":"https:\/\/ideal-shopping.fr\/index.php?rest_route=%2Fwp%2Fv2%2Fproduct_tag&post=5252"}],"curies":[{"name":"wp","href":"https:\/\/api.w.org\/{rel}","templated":true}]}}