{"id":5245,"date":"2026-04-24T16:40:51","date_gmt":"2026-04-24T14:40:51","guid":{"rendered":"https:\/\/ideal-shopping.fr\/?post_type=product&#038;p=5245"},"modified":"2026-04-24T16:40:51","modified_gmt":"2026-04-24T14:40:51","slug":"pull-malibu","status":"publish","type":"product","link":"https:\/\/ideal-shopping.fr\/?product=pull-malibu","title":{"rendered":"Pull Malibu"},"content":{"rendered":"<ul>\n<li>Pull \u00e0 col V en maille 100% coton<\/li>\n<li>Coupe ample<\/li>\n<li>Manches longues<\/li>\n<li>Imprim\u00e9 palmiers<\/li>\n<li>Fente lat\u00e9rale<\/li>\n<li>100% COTON<\/li>\n<\/ul>\n","protected":false},"excerpt":{"rendered":"<p>Pull \u00e0 col V en maille 100% coton Coupe ample Manches longues Imprim\u00e9 palmiers Fente lat\u00e9rale 100% COTON<\/p>\n","protected":false},"featured_media":5247,"template":"","meta":[],"product_brand":[],"product_cat":[15],"product_tag":[],"class_list":{"0":"post-5245","1":"product","2":"type-product","3":"status-publish","4":"has-post-thumbnail","6":"product_cat-non-classe","7":"pa_marque-five","9":"first","10":"instock","11":"shipping-taxable","12":"purchasable","13":"product-type-variable"},"jetpack_sharing_enabled":true,"_links":{"self":[{"href":"https:\/\/ideal-shopping.fr\/index.php?rest_route=\/wp\/v2\/product\/5245","targetHints":{"allow":["GET"]}}],"collection":[{"href":"https:\/\/ideal-shopping.fr\/index.php?rest_route=\/wp\/v2\/product"}],"about":[{"href":"https:\/\/ideal-shopping.fr\/index.php?rest_route=\/wp\/v2\/types\/product"}],"wp:featuredmedia":[{"embeddable":true,"href":"https:\/\/ideal-shopping.fr\/index.php?rest_route=\/wp\/v2\/media\/5247"}],"wp:attachment":[{"href":"https:\/\/ideal-shopping.fr\/index.php?rest_route=%2Fwp%2Fv2%2Fmedia&parent=5245"}],"wp:term":[{"taxonomy":"product_brand","embeddable":true,"href":"https:\/\/ideal-shopping.fr\/index.php?rest_route=%2Fwp%2Fv2%2Fproduct_brand&post=5245"},{"taxonomy":"product_cat","embeddable":true,"href":"https:\/\/ideal-shopping.fr\/index.php?rest_route=%2Fwp%2Fv2%2Fproduct_cat&post=5245"},{"taxonomy":"product_tag","embeddable":true,"href":"https:\/\/ideal-shopping.fr\/index.php?rest_route=%2Fwp%2Fv2%2Fproduct_tag&post=5245"}],"curies":[{"name":"wp","href":"https:\/\/api.w.org\/{rel}","templated":true}]}}