{"id":5217,"date":"2026-03-25T16:43:44","date_gmt":"2026-03-25T15:43:44","guid":{"rendered":"https:\/\/ideal-shopping.fr\/?post_type=product&#038;p=5217"},"modified":"2026-03-25T16:43:44","modified_gmt":"2026-03-25T15:43:44","slug":"pantalon-court-evase-orange","status":"publish","type":"product","link":"https:\/\/ideal-shopping.fr\/?product=pantalon-court-evase-orange","title":{"rendered":"Pantalon court \u00e9vas\u00e9 orange"},"content":{"rendered":"<p>Pantalon court qui pr\u00e9sente une silhouette \u00e9vas\u00e9e avec pli press\u00e9 sur le devant et \u00e0 l&rsquo;arri\u00e8re. Les poches italiennes cr\u00e9ent une structure classique. Il est dot\u00e9 d&rsquo;une bande de taille \u00e0 l&rsquo;int\u00e9rieur et d&rsquo;une fermeture \u00e0 glissi\u00e8re et \u00e0 agrafe pour une finition soign\u00e9e.<\/p>\n<div class=\"GeneralInfo_title__BKPWX\" role=\"heading\" aria-level=\"1\">Tissu<\/div>\n<div class=\"GeneralInfo_composition__QcwFZ\">\n<p>85% Coton<br \/>\n15% Polyamide<\/p>\n<\/div>\n","protected":false},"excerpt":{"rendered":"<p>Pantalon court qui pr\u00e9sente une silhouette \u00e9vas\u00e9e avec pli press\u00e9 sur le devant et \u00e0 l&rsquo;arri\u00e8re. Les poches italiennes cr\u00e9ent une structure classique. Il est dot\u00e9 d&rsquo;une bande de taille \u00e0 l&rsquo;int\u00e9rieur et d&rsquo;une fermeture \u00e0 glissi\u00e8re et \u00e0 agrafe pour une finition soign\u00e9e. Tissu 85% Coton 15% Polyamide<\/p>\n","protected":false},"featured_media":5219,"template":"","meta":[],"product_brand":[],"product_cat":[15],"product_tag":[],"class_list":{"0":"post-5217","1":"product","2":"type-product","3":"status-publish","4":"has-post-thumbnail","6":"product_cat-non-classe","7":"pa_marque-essentiel","9":"first","10":"instock","11":"shipping-taxable","12":"purchasable","13":"product-type-variable"},"jetpack_sharing_enabled":true,"_links":{"self":[{"href":"https:\/\/ideal-shopping.fr\/index.php?rest_route=\/wp\/v2\/product\/5217","targetHints":{"allow":["GET"]}}],"collection":[{"href":"https:\/\/ideal-shopping.fr\/index.php?rest_route=\/wp\/v2\/product"}],"about":[{"href":"https:\/\/ideal-shopping.fr\/index.php?rest_route=\/wp\/v2\/types\/product"}],"wp:featuredmedia":[{"embeddable":true,"href":"https:\/\/ideal-shopping.fr\/index.php?rest_route=\/wp\/v2\/media\/5219"}],"wp:attachment":[{"href":"https:\/\/ideal-shopping.fr\/index.php?rest_route=%2Fwp%2Fv2%2Fmedia&parent=5217"}],"wp:term":[{"taxonomy":"product_brand","embeddable":true,"href":"https:\/\/ideal-shopping.fr\/index.php?rest_route=%2Fwp%2Fv2%2Fproduct_brand&post=5217"},{"taxonomy":"product_cat","embeddable":true,"href":"https:\/\/ideal-shopping.fr\/index.php?rest_route=%2Fwp%2Fv2%2Fproduct_cat&post=5217"},{"taxonomy":"product_tag","embeddable":true,"href":"https:\/\/ideal-shopping.fr\/index.php?rest_route=%2Fwp%2Fv2%2Fproduct_tag&post=5217"}],"curies":[{"name":"wp","href":"https:\/\/api.w.org\/{rel}","templated":true}]}}