{"id":5210,"date":"2026-03-25T16:37:12","date_gmt":"2026-03-25T15:37:12","guid":{"rendered":"https:\/\/ideal-shopping.fr\/?post_type=product&#038;p=5210"},"modified":"2026-03-25T16:37:12","modified_gmt":"2026-03-25T15:37:12","slug":"chemise-en-coton-melange-a-rayures-et-strass-brune-et-rose","status":"publish","type":"product","link":"https:\/\/ideal-shopping.fr\/?product=chemise-en-coton-melange-a-rayures-et-strass-brune-et-rose","title":{"rendered":"Chemise en coton m\u00e9lang\u00e9 \u00e0 rayures et strass brune et rose"},"content":{"rendered":"<p>Ajoutez une touche d&rsquo;\u00e9l\u00e9gance \u00e0 votre garde-robe avec cette chemise \u00e0 rayures en coton m\u00e9lang\u00e9, pens\u00e9e dans une coupe d\u00e9contract\u00e9e. Elle pr\u00e9sente une emmanchure basse et un ourlet arrondi avec pan plus long au dos. La fermeture par boutonnage lui donne une allure classique, tandis que les strass rehaussent le design avec une subtile dose d\u2019\u00e9clat.<\/p>\n<p>85% Coton<br \/>\n15% Polyamide<br \/>\nStrass en verre: 100% Verre<\/p>\n","protected":false},"excerpt":{"rendered":"<p>Ajoutez une touche d&rsquo;\u00e9l\u00e9gance \u00e0 votre garde-robe avec cette chemise \u00e0 rayures en coton m\u00e9lang\u00e9, pens\u00e9e dans une coupe d\u00e9contract\u00e9e. Elle pr\u00e9sente une emmanchure basse et un ourlet arrondi avec pan plus long au dos. La fermeture par boutonnage lui donne une allure classique, tandis que les strass rehaussent le design avec une subtile dose&hellip;<\/p>\n","protected":false},"featured_media":5212,"template":"","meta":[],"product_brand":[],"product_cat":[15],"product_tag":[],"class_list":{"0":"post-5210","1":"product","2":"type-product","3":"status-publish","4":"has-post-thumbnail","6":"product_cat-non-classe","7":"pa_marque-essentiel","9":"first","10":"instock","11":"shipping-taxable","12":"purchasable","13":"product-type-variable"},"jetpack_sharing_enabled":true,"_links":{"self":[{"href":"https:\/\/ideal-shopping.fr\/index.php?rest_route=\/wp\/v2\/product\/5210","targetHints":{"allow":["GET"]}}],"collection":[{"href":"https:\/\/ideal-shopping.fr\/index.php?rest_route=\/wp\/v2\/product"}],"about":[{"href":"https:\/\/ideal-shopping.fr\/index.php?rest_route=\/wp\/v2\/types\/product"}],"wp:featuredmedia":[{"embeddable":true,"href":"https:\/\/ideal-shopping.fr\/index.php?rest_route=\/wp\/v2\/media\/5212"}],"wp:attachment":[{"href":"https:\/\/ideal-shopping.fr\/index.php?rest_route=%2Fwp%2Fv2%2Fmedia&parent=5210"}],"wp:term":[{"taxonomy":"product_brand","embeddable":true,"href":"https:\/\/ideal-shopping.fr\/index.php?rest_route=%2Fwp%2Fv2%2Fproduct_brand&post=5210"},{"taxonomy":"product_cat","embeddable":true,"href":"https:\/\/ideal-shopping.fr\/index.php?rest_route=%2Fwp%2Fv2%2Fproduct_cat&post=5210"},{"taxonomy":"product_tag","embeddable":true,"href":"https:\/\/ideal-shopping.fr\/index.php?rest_route=%2Fwp%2Fv2%2Fproduct_tag&post=5210"}],"curies":[{"name":"wp","href":"https:\/\/api.w.org\/{rel}","templated":true}]}}