{"id":5203,"date":"2026-03-25T16:32:41","date_gmt":"2026-03-25T15:32:41","guid":{"rendered":"https:\/\/ideal-shopping.fr\/?post_type=product&#038;p=5203"},"modified":"2026-03-25T16:32:41","modified_gmt":"2026-03-25T15:32:41","slug":"chemise-bleu-clair-a-broderies-multicolores-et-manches-volumineuses","status":"publish","type":"product","link":"https:\/\/ideal-shopping.fr\/?product=chemise-bleu-clair-a-broderies-multicolores-et-manches-volumineuses","title":{"rendered":"Chemise bleu clair \u00e0 broderies multicolores et manches volumineuses"},"content":{"rendered":"<p>Chemise con\u00e7ue dans une coupe ajust\u00e9e, qui pr\u00e9sente une fermeture par boutonnage, un \u00e9l\u00e9gant col mandarin et des \u00e9paules bouffantes. Les manches 3\/4 volumineuses se terminent en poignets \u00e9lastiques pour une touche raffin\u00e9e. Orn\u00e9e de paillettes et de perles, cette chemise d\u00e9gage une allure sophistiqu\u00e9e.<\/p>\n<p>55% Polyester<br \/>\n45% Viscose<br \/>\nPaillettes: 100% Acrylique<br \/>\nPerles: 100% Verre<\/p>\n","protected":false},"excerpt":{"rendered":"<p>Chemise con\u00e7ue dans une coupe ajust\u00e9e, qui pr\u00e9sente une fermeture par boutonnage, un \u00e9l\u00e9gant col mandarin et des \u00e9paules bouffantes. Les manches 3\/4 volumineuses se terminent en poignets \u00e9lastiques pour une touche raffin\u00e9e. Orn\u00e9e de paillettes et de perles, cette chemise d\u00e9gage une allure sophistiqu\u00e9e. 55% Polyester 45% Viscose Paillettes: 100% Acrylique Perles: 100% Verre<\/p>\n","protected":false},"featured_media":5206,"template":"","meta":[],"product_brand":[],"product_cat":[15],"product_tag":[],"class_list":{"0":"post-5203","1":"product","2":"type-product","3":"status-publish","4":"has-post-thumbnail","6":"product_cat-non-classe","7":"pa_marque-essentiel","9":"first","10":"instock","11":"shipping-taxable","12":"purchasable","13":"product-type-variable"},"jetpack_sharing_enabled":true,"_links":{"self":[{"href":"https:\/\/ideal-shopping.fr\/index.php?rest_route=\/wp\/v2\/product\/5203","targetHints":{"allow":["GET"]}}],"collection":[{"href":"https:\/\/ideal-shopping.fr\/index.php?rest_route=\/wp\/v2\/product"}],"about":[{"href":"https:\/\/ideal-shopping.fr\/index.php?rest_route=\/wp\/v2\/types\/product"}],"wp:featuredmedia":[{"embeddable":true,"href":"https:\/\/ideal-shopping.fr\/index.php?rest_route=\/wp\/v2\/media\/5206"}],"wp:attachment":[{"href":"https:\/\/ideal-shopping.fr\/index.php?rest_route=%2Fwp%2Fv2%2Fmedia&parent=5203"}],"wp:term":[{"taxonomy":"product_brand","embeddable":true,"href":"https:\/\/ideal-shopping.fr\/index.php?rest_route=%2Fwp%2Fv2%2Fproduct_brand&post=5203"},{"taxonomy":"product_cat","embeddable":true,"href":"https:\/\/ideal-shopping.fr\/index.php?rest_route=%2Fwp%2Fv2%2Fproduct_cat&post=5203"},{"taxonomy":"product_tag","embeddable":true,"href":"https:\/\/ideal-shopping.fr\/index.php?rest_route=%2Fwp%2Fv2%2Fproduct_tag&post=5203"}],"curies":[{"name":"wp","href":"https:\/\/api.w.org\/{rel}","templated":true}]}}