{"id":5189,"date":"2026-03-25T16:16:12","date_gmt":"2026-03-25T15:16:12","guid":{"rendered":"https:\/\/ideal-shopping.fr\/?post_type=product&#038;p=5189"},"modified":"2026-03-25T16:16:12","modified_gmt":"2026-03-25T15:16:12","slug":"t-shirt-en-coton-bio-a-rayures-et-empiecements-en-dentelle-noir-et-blanc","status":"publish","type":"product","link":"https:\/\/ideal-shopping.fr\/?product=t-shirt-en-coton-bio-a-rayures-et-empiecements-en-dentelle-noir-et-blanc","title":{"rendered":"T-shirt en coton bio \u00e0 rayures et empi\u00e8cements en dentelle noir et blanc"},"content":{"rendered":"<p>Confectionn\u00e9e en 100 % coton biologique, ce T-shirt de confection portugaise pr\u00e9sente une silhouette oversize \u00e0 emmanchure basse d\u00e9contract\u00e9e. Le motif \u00e0 rayures, cr\u00e9\u00e9 \u00e0 travers de d\u00e9licats empi\u00e8cements en dentelle, ajoute texture et contraste tout en pr\u00e9servant une allure naturellement \u00e9l\u00e9gante. Il est fini avec doubles coutures durables.<\/p>\n<p>&nbsp;<\/p>\n<ul>\n<li>100 % coton bio<\/li>\n<\/ul>\n","protected":false},"excerpt":{"rendered":"<p>Confectionn\u00e9e en 100 % coton biologique, ce T-shirt de confection portugaise pr\u00e9sente une silhouette oversize \u00e0 emmanchure basse d\u00e9contract\u00e9e. Le motif \u00e0 rayures, cr\u00e9\u00e9 \u00e0 travers de d\u00e9licats empi\u00e8cements en dentelle, ajoute texture et contraste tout en pr\u00e9servant une allure naturellement \u00e9l\u00e9gante. Il est fini avec doubles coutures durables. &nbsp; 100 % coton bio<\/p>\n","protected":false},"featured_media":5191,"template":"","meta":[],"product_brand":[],"product_cat":[15],"product_tag":[],"class_list":{"0":"post-5189","1":"product","2":"type-product","3":"status-publish","4":"has-post-thumbnail","6":"product_cat-non-classe","7":"pa_marque-essentiel","9":"first","10":"instock","11":"shipping-taxable","12":"purchasable","13":"product-type-variable"},"jetpack_sharing_enabled":true,"_links":{"self":[{"href":"https:\/\/ideal-shopping.fr\/index.php?rest_route=\/wp\/v2\/product\/5189","targetHints":{"allow":["GET"]}}],"collection":[{"href":"https:\/\/ideal-shopping.fr\/index.php?rest_route=\/wp\/v2\/product"}],"about":[{"href":"https:\/\/ideal-shopping.fr\/index.php?rest_route=\/wp\/v2\/types\/product"}],"wp:featuredmedia":[{"embeddable":true,"href":"https:\/\/ideal-shopping.fr\/index.php?rest_route=\/wp\/v2\/media\/5191"}],"wp:attachment":[{"href":"https:\/\/ideal-shopping.fr\/index.php?rest_route=%2Fwp%2Fv2%2Fmedia&parent=5189"}],"wp:term":[{"taxonomy":"product_brand","embeddable":true,"href":"https:\/\/ideal-shopping.fr\/index.php?rest_route=%2Fwp%2Fv2%2Fproduct_brand&post=5189"},{"taxonomy":"product_cat","embeddable":true,"href":"https:\/\/ideal-shopping.fr\/index.php?rest_route=%2Fwp%2Fv2%2Fproduct_cat&post=5189"},{"taxonomy":"product_tag","embeddable":true,"href":"https:\/\/ideal-shopping.fr\/index.php?rest_route=%2Fwp%2Fv2%2Fproduct_tag&post=5189"}],"curies":[{"name":"wp","href":"https:\/\/api.w.org\/{rel}","templated":true}]}}