{"id":5168,"date":"2026-03-19T11:19:04","date_gmt":"2026-03-19T10:19:04","guid":{"rendered":"https:\/\/ideal-shopping.fr\/?post_type=product&#038;p=5168"},"modified":"2026-03-19T11:19:04","modified_gmt":"2026-03-19T10:19:04","slug":"chemise-carla","status":"publish","type":"product","link":"https:\/\/ideal-shopping.fr\/?product=chemise-carla","title":{"rendered":"Chemise Carla"},"content":{"rendered":"<p>Chemise ray\u00e9e \u00e0 broderie c\u0153ur<\/p>\n<ul>\n<li>Chemise ray\u00e9e pour femme en 100% coton l\u00e9ger<\/li>\n<li>Poche poitrine d\u00e9cor\u00e9e d&rsquo;une broderie coeur<\/li>\n<li>Coupe l\u00e9g\u00e8rement cintr\u00e9e<\/li>\n<li>Fermeture \u00e0 boutons<\/li>\n<li>Col souple<\/li>\n<li>Manches longues<\/li>\n<li>100% COTON<\/li>\n<\/ul>\n","protected":false},"excerpt":{"rendered":"<p>Chemise ray\u00e9e \u00e0 broderie c\u0153ur Chemise ray\u00e9e pour femme en 100% coton l\u00e9ger Poche poitrine d\u00e9cor\u00e9e d&rsquo;une broderie coeur Coupe l\u00e9g\u00e8rement cintr\u00e9e Fermeture \u00e0 boutons Col souple Manches longues 100% COTON<\/p>\n","protected":false},"featured_media":5170,"template":"","meta":[],"product_brand":[],"product_cat":[15],"product_tag":[],"class_list":{"0":"post-5168","1":"product","2":"type-product","3":"status-publish","4":"has-post-thumbnail","6":"product_cat-non-classe","7":"pa_marque-five","9":"first","10":"instock","11":"shipping-taxable","12":"purchasable","13":"product-type-variable"},"jetpack_sharing_enabled":true,"_links":{"self":[{"href":"https:\/\/ideal-shopping.fr\/index.php?rest_route=\/wp\/v2\/product\/5168","targetHints":{"allow":["GET"]}}],"collection":[{"href":"https:\/\/ideal-shopping.fr\/index.php?rest_route=\/wp\/v2\/product"}],"about":[{"href":"https:\/\/ideal-shopping.fr\/index.php?rest_route=\/wp\/v2\/types\/product"}],"wp:featuredmedia":[{"embeddable":true,"href":"https:\/\/ideal-shopping.fr\/index.php?rest_route=\/wp\/v2\/media\/5170"}],"wp:attachment":[{"href":"https:\/\/ideal-shopping.fr\/index.php?rest_route=%2Fwp%2Fv2%2Fmedia&parent=5168"}],"wp:term":[{"taxonomy":"product_brand","embeddable":true,"href":"https:\/\/ideal-shopping.fr\/index.php?rest_route=%2Fwp%2Fv2%2Fproduct_brand&post=5168"},{"taxonomy":"product_cat","embeddable":true,"href":"https:\/\/ideal-shopping.fr\/index.php?rest_route=%2Fwp%2Fv2%2Fproduct_cat&post=5168"},{"taxonomy":"product_tag","embeddable":true,"href":"https:\/\/ideal-shopping.fr\/index.php?rest_route=%2Fwp%2Fv2%2Fproduct_tag&post=5168"}],"curies":[{"name":"wp","href":"https:\/\/api.w.org\/{rel}","templated":true}]}}