{"id":5163,"date":"2026-03-19T11:15:01","date_gmt":"2026-03-19T10:15:01","guid":{"rendered":"https:\/\/ideal-shopping.fr\/?post_type=product&#038;p=5163"},"modified":"2026-03-19T11:15:02","modified_gmt":"2026-03-19T10:15:02","slug":"tee-shirt-heart","status":"publish","type":"product","link":"https:\/\/ideal-shopping.fr\/?product=tee-shirt-heart","title":{"rendered":"Tee-shirt Heart"},"content":{"rendered":"<ul>\n<li>Tee-shirt \u00e0 manches courtes en m\u00e9lange naturel de coton &amp; lin<\/li>\n<li>Flocage velours coeur sur la poitrine<\/li>\n<li>Deux fentes d&rsquo;aisance \u00e0 la taille<\/li>\n<li>Bords francs sur le bas<\/li>\n<li>Col V<\/li>\n<li>70% COTON 30% LIN<\/li>\n<\/ul>\n","protected":false},"excerpt":{"rendered":"<p>Tee-shirt \u00e0 manches courtes en m\u00e9lange naturel de coton &amp; lin Flocage velours coeur sur la poitrine Deux fentes d&rsquo;aisance \u00e0 la taille Bords francs sur le bas Col V 70% COTON 30% LIN<\/p>\n","protected":false},"featured_media":5165,"template":"","meta":[],"product_brand":[],"product_cat":[15],"product_tag":[],"class_list":{"0":"post-5163","1":"product","2":"type-product","3":"status-publish","4":"has-post-thumbnail","6":"product_cat-non-classe","7":"pa_marque-five","9":"first","10":"instock","11":"shipping-taxable","12":"purchasable","13":"product-type-variable"},"jetpack_sharing_enabled":true,"_links":{"self":[{"href":"https:\/\/ideal-shopping.fr\/index.php?rest_route=\/wp\/v2\/product\/5163","targetHints":{"allow":["GET"]}}],"collection":[{"href":"https:\/\/ideal-shopping.fr\/index.php?rest_route=\/wp\/v2\/product"}],"about":[{"href":"https:\/\/ideal-shopping.fr\/index.php?rest_route=\/wp\/v2\/types\/product"}],"wp:featuredmedia":[{"embeddable":true,"href":"https:\/\/ideal-shopping.fr\/index.php?rest_route=\/wp\/v2\/media\/5165"}],"wp:attachment":[{"href":"https:\/\/ideal-shopping.fr\/index.php?rest_route=%2Fwp%2Fv2%2Fmedia&parent=5163"}],"wp:term":[{"taxonomy":"product_brand","embeddable":true,"href":"https:\/\/ideal-shopping.fr\/index.php?rest_route=%2Fwp%2Fv2%2Fproduct_brand&post=5163"},{"taxonomy":"product_cat","embeddable":true,"href":"https:\/\/ideal-shopping.fr\/index.php?rest_route=%2Fwp%2Fv2%2Fproduct_cat&post=5163"},{"taxonomy":"product_tag","embeddable":true,"href":"https:\/\/ideal-shopping.fr\/index.php?rest_route=%2Fwp%2Fv2%2Fproduct_tag&post=5163"}],"curies":[{"name":"wp","href":"https:\/\/api.w.org\/{rel}","templated":true}]}}