{"id":5144,"date":"2026-03-12T11:38:07","date_gmt":"2026-03-12T10:38:07","guid":{"rendered":"https:\/\/ideal-shopping.fr\/?post_type=product&#038;p=5144"},"modified":"2026-03-12T11:38:07","modified_gmt":"2026-03-12T10:38:07","slug":"robe-alexis-de-mmrayas","status":"publish","type":"product","link":"https:\/\/ideal-shopping.fr\/?product=robe-alexis-de-mmrayas","title":{"rendered":"Robe Alexis de MMRayas"},"content":{"rendered":"<p>Une robe-chemise intemporelle \u00e0 la silhouette raffin\u00e9e. Confectionn\u00e9e dans un doux m\u00e9lange de lin, elle pr\u00e9sente un col classique, une fermeture boutonn\u00e9e et des manches \u00be pour une allure \u00e0 la fois d\u00e9contract\u00e9e et \u00e9l\u00e9gante. La ceinture \u00e0 nouer souligne la silhouette avec \u00e9l\u00e9gance, la rendant parfaite au quotidien comme pour les occasions plus habill\u00e9es.<\/p>\n<p class=\"mb-0 ml-2\">75% TENCEL\u2122 Lyocell<\/p>\n<p class=\"mb-0 ml-2\">25% Linen<\/p>\n","protected":false},"excerpt":{"rendered":"<p>Une robe-chemise intemporelle \u00e0 la silhouette raffin\u00e9e. Confectionn\u00e9e dans un doux m\u00e9lange de lin, elle pr\u00e9sente un col classique, une fermeture boutonn\u00e9e et des manches \u00be pour une allure \u00e0 la fois d\u00e9contract\u00e9e et \u00e9l\u00e9gante. La ceinture \u00e0 nouer souligne la silhouette avec \u00e9l\u00e9gance, la rendant parfaite au quotidien comme pour les occasions plus habill\u00e9es.&hellip;<\/p>\n","protected":false},"featured_media":5146,"template":"","meta":[],"product_brand":[],"product_cat":[15],"product_tag":[],"class_list":{"0":"post-5144","1":"product","2":"type-product","3":"status-publish","4":"has-post-thumbnail","6":"product_cat-non-classe","7":"pa_marque-mosmosh","9":"first","10":"instock","11":"shipping-taxable","12":"purchasable","13":"product-type-variable"},"jetpack_sharing_enabled":true,"_links":{"self":[{"href":"https:\/\/ideal-shopping.fr\/index.php?rest_route=\/wp\/v2\/product\/5144","targetHints":{"allow":["GET"]}}],"collection":[{"href":"https:\/\/ideal-shopping.fr\/index.php?rest_route=\/wp\/v2\/product"}],"about":[{"href":"https:\/\/ideal-shopping.fr\/index.php?rest_route=\/wp\/v2\/types\/product"}],"wp:featuredmedia":[{"embeddable":true,"href":"https:\/\/ideal-shopping.fr\/index.php?rest_route=\/wp\/v2\/media\/5146"}],"wp:attachment":[{"href":"https:\/\/ideal-shopping.fr\/index.php?rest_route=%2Fwp%2Fv2%2Fmedia&parent=5144"}],"wp:term":[{"taxonomy":"product_brand","embeddable":true,"href":"https:\/\/ideal-shopping.fr\/index.php?rest_route=%2Fwp%2Fv2%2Fproduct_brand&post=5144"},{"taxonomy":"product_cat","embeddable":true,"href":"https:\/\/ideal-shopping.fr\/index.php?rest_route=%2Fwp%2Fv2%2Fproduct_cat&post=5144"},{"taxonomy":"product_tag","embeddable":true,"href":"https:\/\/ideal-shopping.fr\/index.php?rest_route=%2Fwp%2Fv2%2Fproduct_tag&post=5144"}],"curies":[{"name":"wp","href":"https:\/\/api.w.org\/{rel}","templated":true}]}}