{"id":5119,"date":"2026-02-26T17:59:18","date_gmt":"2026-02-26T16:59:18","guid":{"rendered":"https:\/\/ideal-shopping.fr\/?post_type=product&#038;p=5119"},"modified":"2026-02-26T17:59:18","modified_gmt":"2026-02-26T16:59:18","slug":"veste-vikelo-diega-2","status":"publish","type":"product","link":"https:\/\/ideal-shopping.fr\/?product=veste-vikelo-diega-2","title":{"rendered":"VESTE VIKELO\/Diega"},"content":{"rendered":"<p>Veste tailleur \u00e0 une boutonni\u00e8re, structur\u00e9e mais fluide, avec poches passepoil\u00e9es et revers allong\u00e9s. Son tomb\u00e9 souple et sa ligne \u00e9lanc\u00e9e refl\u00e8tent l\u2019\u00e9quilibre entre sophistication et d\u00e9sinvolture, signature du vestiaire DIEGA. Une pi\u00e8ce intemporelle, pens\u00e9e pour accompagner chaque silhouette avec justesse.<\/p>\n<p>70%VISCOSE 30%SOIE Fabrication: MAROC<\/p>\n","protected":false},"excerpt":{"rendered":"<p>Veste tailleur \u00e0 une boutonni\u00e8re, structur\u00e9e mais fluide, avec poches passepoil\u00e9es et revers allong\u00e9s. Son tomb\u00e9 souple et sa ligne \u00e9lanc\u00e9e refl\u00e8tent l\u2019\u00e9quilibre entre sophistication et d\u00e9sinvolture, signature du vestiaire DIEGA. Une pi\u00e8ce intemporelle, pens\u00e9e pour accompagner chaque silhouette avec justesse. 70%VISCOSE 30%SOIE Fabrication: MAROC<\/p>\n","protected":false},"featured_media":5121,"template":"","meta":[],"product_brand":[],"product_cat":[15],"product_tag":[],"class_list":{"0":"post-5119","1":"product","2":"type-product","3":"status-publish","4":"has-post-thumbnail","6":"product_cat-non-classe","7":"pa_marque-diega","9":"first","10":"instock","11":"shipping-taxable","12":"purchasable","13":"product-type-variable"},"jetpack_sharing_enabled":true,"_links":{"self":[{"href":"https:\/\/ideal-shopping.fr\/index.php?rest_route=\/wp\/v2\/product\/5119","targetHints":{"allow":["GET"]}}],"collection":[{"href":"https:\/\/ideal-shopping.fr\/index.php?rest_route=\/wp\/v2\/product"}],"about":[{"href":"https:\/\/ideal-shopping.fr\/index.php?rest_route=\/wp\/v2\/types\/product"}],"wp:featuredmedia":[{"embeddable":true,"href":"https:\/\/ideal-shopping.fr\/index.php?rest_route=\/wp\/v2\/media\/5121"}],"wp:attachment":[{"href":"https:\/\/ideal-shopping.fr\/index.php?rest_route=%2Fwp%2Fv2%2Fmedia&parent=5119"}],"wp:term":[{"taxonomy":"product_brand","embeddable":true,"href":"https:\/\/ideal-shopping.fr\/index.php?rest_route=%2Fwp%2Fv2%2Fproduct_brand&post=5119"},{"taxonomy":"product_cat","embeddable":true,"href":"https:\/\/ideal-shopping.fr\/index.php?rest_route=%2Fwp%2Fv2%2Fproduct_cat&post=5119"},{"taxonomy":"product_tag","embeddable":true,"href":"https:\/\/ideal-shopping.fr\/index.php?rest_route=%2Fwp%2Fv2%2Fproduct_tag&post=5119"}],"curies":[{"name":"wp","href":"https:\/\/api.w.org\/{rel}","templated":true}]}}