{"id":5113,"date":"2026-02-26T17:50:38","date_gmt":"2026-02-26T16:50:38","guid":{"rendered":"https:\/\/ideal-shopping.fr\/?post_type=product&#038;p=5113"},"modified":"2026-02-26T17:50:38","modified_gmt":"2026-02-26T16:50:38","slug":"jupe-jamao-diega","status":"publish","type":"product","link":"https:\/\/ideal-shopping.fr\/?product=jupe-jamao-diega","title":{"rendered":"JUPE JAMAO \/Diega"},"content":{"rendered":"<p>Jupe longue \u00e9vas\u00e9e \u00e0 la ligne fluide. Taille plate sur le devant et \u00e9lastiqu\u00e9e au dos pour plus de confort. Poches arrondies sur les c\u00f4t\u00e9s et d\u00e9coupe subtile \u00e0 la base pour un joli mouvement. Un mod\u00e8le \u00e9l\u00e9gant et facile \u00e0 porter au quotidien.<\/p>\n<p>100%LIN Fabrication: MAROC<\/p>\n","protected":false},"excerpt":{"rendered":"<p>Jupe longue \u00e9vas\u00e9e \u00e0 la ligne fluide. Taille plate sur le devant et \u00e9lastiqu\u00e9e au dos pour plus de confort. Poches arrondies sur les c\u00f4t\u00e9s et d\u00e9coupe subtile \u00e0 la base pour un joli mouvement. Un mod\u00e8le \u00e9l\u00e9gant et facile \u00e0 porter au quotidien. 100%LIN Fabrication: MAROC<\/p>\n","protected":false},"featured_media":5115,"template":"","meta":[],"product_brand":[],"product_cat":[15],"product_tag":[],"class_list":{"0":"post-5113","1":"product","2":"type-product","3":"status-publish","4":"has-post-thumbnail","6":"product_cat-non-classe","7":"pa_marque-diega","9":"first","10":"instock","11":"shipping-taxable","12":"purchasable","13":"product-type-variable"},"jetpack_sharing_enabled":true,"_links":{"self":[{"href":"https:\/\/ideal-shopping.fr\/index.php?rest_route=\/wp\/v2\/product\/5113","targetHints":{"allow":["GET"]}}],"collection":[{"href":"https:\/\/ideal-shopping.fr\/index.php?rest_route=\/wp\/v2\/product"}],"about":[{"href":"https:\/\/ideal-shopping.fr\/index.php?rest_route=\/wp\/v2\/types\/product"}],"wp:featuredmedia":[{"embeddable":true,"href":"https:\/\/ideal-shopping.fr\/index.php?rest_route=\/wp\/v2\/media\/5115"}],"wp:attachment":[{"href":"https:\/\/ideal-shopping.fr\/index.php?rest_route=%2Fwp%2Fv2%2Fmedia&parent=5113"}],"wp:term":[{"taxonomy":"product_brand","embeddable":true,"href":"https:\/\/ideal-shopping.fr\/index.php?rest_route=%2Fwp%2Fv2%2Fproduct_brand&post=5113"},{"taxonomy":"product_cat","embeddable":true,"href":"https:\/\/ideal-shopping.fr\/index.php?rest_route=%2Fwp%2Fv2%2Fproduct_cat&post=5113"},{"taxonomy":"product_tag","embeddable":true,"href":"https:\/\/ideal-shopping.fr\/index.php?rest_route=%2Fwp%2Fv2%2Fproduct_tag&post=5113"}],"curies":[{"name":"wp","href":"https:\/\/api.w.org\/{rel}","templated":true}]}}