{"id":5108,"date":"2026-02-26T17:42:12","date_gmt":"2026-02-26T16:42:12","guid":{"rendered":"https:\/\/ideal-shopping.fr\/?post_type=product&#038;p=5108"},"modified":"2026-02-26T17:42:12","modified_gmt":"2026-02-26T16:42:12","slug":"pantalon-pindo-diega","status":"publish","type":"product","link":"https:\/\/ideal-shopping.fr\/?product=pantalon-pindo-diega","title":{"rendered":"PANTALON PINDO &#8211; Diega"},"content":{"rendered":"<p>Pantalon fluide \u00e0 taille \u00e9lastiqu\u00e9e pour un confort absolu. Coupe ample et jambe large pour un tomb\u00e9 souple et \u00e9l\u00e9gant. Poches italiennes sur le devant et finitions minimalistes pour un look \u00e9pur\u00e9 et moderne.<\/p>\n<p>70%VISCOSE 30%SOIE Fabrication: MAROC<\/p>\n","protected":false},"excerpt":{"rendered":"<p>Pantalon fluide \u00e0 taille \u00e9lastiqu\u00e9e pour un confort absolu. Coupe ample et jambe large pour un tomb\u00e9 souple et \u00e9l\u00e9gant. Poches italiennes sur le devant et finitions minimalistes pour un look \u00e9pur\u00e9 et moderne. 70%VISCOSE 30%SOIE Fabrication: MAROC<\/p>\n","protected":false},"featured_media":5110,"template":"","meta":[],"product_brand":[],"product_cat":[15],"product_tag":[],"class_list":{"0":"post-5108","1":"product","2":"type-product","3":"status-publish","4":"has-post-thumbnail","6":"product_cat-non-classe","7":"pa_marque-diega","9":"first","10":"instock","11":"shipping-taxable","12":"purchasable","13":"product-type-variable"},"jetpack_sharing_enabled":true,"_links":{"self":[{"href":"https:\/\/ideal-shopping.fr\/index.php?rest_route=\/wp\/v2\/product\/5108","targetHints":{"allow":["GET"]}}],"collection":[{"href":"https:\/\/ideal-shopping.fr\/index.php?rest_route=\/wp\/v2\/product"}],"about":[{"href":"https:\/\/ideal-shopping.fr\/index.php?rest_route=\/wp\/v2\/types\/product"}],"wp:featuredmedia":[{"embeddable":true,"href":"https:\/\/ideal-shopping.fr\/index.php?rest_route=\/wp\/v2\/media\/5110"}],"wp:attachment":[{"href":"https:\/\/ideal-shopping.fr\/index.php?rest_route=%2Fwp%2Fv2%2Fmedia&parent=5108"}],"wp:term":[{"taxonomy":"product_brand","embeddable":true,"href":"https:\/\/ideal-shopping.fr\/index.php?rest_route=%2Fwp%2Fv2%2Fproduct_brand&post=5108"},{"taxonomy":"product_cat","embeddable":true,"href":"https:\/\/ideal-shopping.fr\/index.php?rest_route=%2Fwp%2Fv2%2Fproduct_cat&post=5108"},{"taxonomy":"product_tag","embeddable":true,"href":"https:\/\/ideal-shopping.fr\/index.php?rest_route=%2Fwp%2Fv2%2Fproduct_tag&post=5108"}],"curies":[{"name":"wp","href":"https:\/\/api.w.org\/{rel}","templated":true}]}}