{"id":5101,"date":"2026-02-26T17:30:59","date_gmt":"2026-02-26T16:30:59","guid":{"rendered":"https:\/\/ideal-shopping.fr\/?post_type=product&#038;p=5101"},"modified":"2026-02-26T17:31:00","modified_gmt":"2026-02-26T16:31:00","slug":"jeans-lucia-crop-large-five-jeans","status":"publish","type":"product","link":"https:\/\/ideal-shopping.fr\/?product=jeans-lucia-crop-large-five-jeans","title":{"rendered":"Jeans Lucia Crop Large\/five jeans"},"content":{"rendered":"<p>Jeans Wide Leg<\/p>\n<ul>\n<li>Jeans femme taille standard en 100% coton (ref: 131)<\/li>\n<li>Deux poches plaqu\u00e9es<\/li>\n<li>Fermeture \u00e0 bouton FIVE et zip cach\u00e9 sous le rabat<\/li>\n<li>Ceinture avec passants<\/li>\n<\/ul>\n","protected":false},"excerpt":{"rendered":"<p>Jeans Wide Leg Jeans femme taille standard en 100% coton (ref: 131) Deux poches plaqu\u00e9es Fermeture \u00e0 bouton FIVE et zip cach\u00e9 sous le rabat Ceinture avec passants<\/p>\n","protected":false},"featured_media":5103,"template":"","meta":[],"product_brand":[],"product_cat":[15],"product_tag":[],"class_list":{"0":"post-5101","1":"product","2":"type-product","3":"status-publish","4":"has-post-thumbnail","6":"product_cat-non-classe","7":"pa_marque-five","9":"first","10":"instock","11":"shipping-taxable","12":"purchasable","13":"product-type-variable"},"jetpack_sharing_enabled":true,"_links":{"self":[{"href":"https:\/\/ideal-shopping.fr\/index.php?rest_route=\/wp\/v2\/product\/5101","targetHints":{"allow":["GET"]}}],"collection":[{"href":"https:\/\/ideal-shopping.fr\/index.php?rest_route=\/wp\/v2\/product"}],"about":[{"href":"https:\/\/ideal-shopping.fr\/index.php?rest_route=\/wp\/v2\/types\/product"}],"wp:featuredmedia":[{"embeddable":true,"href":"https:\/\/ideal-shopping.fr\/index.php?rest_route=\/wp\/v2\/media\/5103"}],"wp:attachment":[{"href":"https:\/\/ideal-shopping.fr\/index.php?rest_route=%2Fwp%2Fv2%2Fmedia&parent=5101"}],"wp:term":[{"taxonomy":"product_brand","embeddable":true,"href":"https:\/\/ideal-shopping.fr\/index.php?rest_route=%2Fwp%2Fv2%2Fproduct_brand&post=5101"},{"taxonomy":"product_cat","embeddable":true,"href":"https:\/\/ideal-shopping.fr\/index.php?rest_route=%2Fwp%2Fv2%2Fproduct_cat&post=5101"},{"taxonomy":"product_tag","embeddable":true,"href":"https:\/\/ideal-shopping.fr\/index.php?rest_route=%2Fwp%2Fv2%2Fproduct_tag&post=5101"}],"curies":[{"name":"wp","href":"https:\/\/api.w.org\/{rel}","templated":true}]}}