{"id":5099,"date":"2026-02-26T17:25:27","date_gmt":"2026-02-26T16:25:27","guid":{"rendered":"https:\/\/ideal-shopping.fr\/?post_type=product&#038;p=5099"},"modified":"2026-02-26T17:25:27","modified_gmt":"2026-02-26T16:25:27","slug":"cardigan-cotele-en-coton","status":"publish","type":"product","link":"https:\/\/ideal-shopping.fr\/?product=cardigan-cotele-en-coton","title":{"rendered":"Cardigan Cotel\u00e9 en coton"},"content":{"rendered":"<ul>\n<li>Cardigan \u00e0 manches courtes en maille c\u00f4tel\u00e9e indigo d\u00e9lav\u00e9 100% coton<\/li>\n<li>Coupe droite<\/li>\n<li>Col \u00e0 revers souples<\/li>\n<li>Fermeture \u00e0 boutons<\/li>\n<li>Deux poches poitrine<\/li>\n<\/ul>\n","protected":false},"excerpt":{"rendered":"<p>Cardigan \u00e0 manches courtes en maille c\u00f4tel\u00e9e indigo d\u00e9lav\u00e9 100% coton Coupe droite Col \u00e0 revers souples Fermeture \u00e0 boutons Deux poches poitrine<\/p>\n","protected":false},"featured_media":5096,"template":"","meta":[],"product_brand":[],"product_cat":[15],"product_tag":[],"class_list":{"0":"post-5099","1":"product","2":"type-product","3":"status-publish","4":"has-post-thumbnail","6":"product_cat-non-classe","7":"pa_marque-five","9":"first","10":"instock","11":"shipping-taxable","12":"purchasable","13":"product-type-variable"},"jetpack_sharing_enabled":true,"_links":{"self":[{"href":"https:\/\/ideal-shopping.fr\/index.php?rest_route=\/wp\/v2\/product\/5099","targetHints":{"allow":["GET"]}}],"collection":[{"href":"https:\/\/ideal-shopping.fr\/index.php?rest_route=\/wp\/v2\/product"}],"about":[{"href":"https:\/\/ideal-shopping.fr\/index.php?rest_route=\/wp\/v2\/types\/product"}],"wp:featuredmedia":[{"embeddable":true,"href":"https:\/\/ideal-shopping.fr\/index.php?rest_route=\/wp\/v2\/media\/5096"}],"wp:attachment":[{"href":"https:\/\/ideal-shopping.fr\/index.php?rest_route=%2Fwp%2Fv2%2Fmedia&parent=5099"}],"wp:term":[{"taxonomy":"product_brand","embeddable":true,"href":"https:\/\/ideal-shopping.fr\/index.php?rest_route=%2Fwp%2Fv2%2Fproduct_brand&post=5099"},{"taxonomy":"product_cat","embeddable":true,"href":"https:\/\/ideal-shopping.fr\/index.php?rest_route=%2Fwp%2Fv2%2Fproduct_cat&post=5099"},{"taxonomy":"product_tag","embeddable":true,"href":"https:\/\/ideal-shopping.fr\/index.php?rest_route=%2Fwp%2Fv2%2Fproduct_tag&post=5099"}],"curies":[{"name":"wp","href":"https:\/\/api.w.org\/{rel}","templated":true}]}}