{"id":5056,"date":"2026-02-20T18:38:47","date_gmt":"2026-02-20T17:38:47","guid":{"rendered":"https:\/\/ideal-shopping.fr\/?post_type=product&#038;p=5056"},"modified":"2026-02-20T18:38:47","modified_gmt":"2026-02-20T17:38:47","slug":"midwest-fleur-de-sel-veste","status":"publish","type":"product","link":"https:\/\/ideal-shopping.fr\/?product=midwest-fleur-de-sel-veste","title":{"rendered":"Midwest Fleur de Sel\/veste"},"content":{"rendered":"<p>Blouson esprit worker en serg\u00e9 lourd de coton stonewash\u00e9.<\/p>\n<div class=\"free_desc\">\n<p>Fermeture boutonn\u00e9e devant par boutons bijoux.<br \/>\nEmmanchures basses.<br \/>\nLarges poches plaqu\u00e9es \u00e0 rabats boutonn\u00e9s devant par boutons bijoux.<br \/>\nD\u00e9tails de surpiq\u00fbres devant et dos.<br \/>\nMod\u00e8le non doubl\u00e9.<\/p>\n<\/div>\n<p class=\"composition\">100% Coton<\/p>\n","protected":false},"excerpt":{"rendered":"<p>Blouson esprit worker en serg\u00e9 lourd de coton stonewash\u00e9. Fermeture boutonn\u00e9e devant par boutons bijoux. Emmanchures basses. Larges poches plaqu\u00e9es \u00e0 rabats boutonn\u00e9s devant par boutons bijoux. D\u00e9tails de surpiq\u00fbres devant et dos. Mod\u00e8le non doubl\u00e9. 100% Coton<\/p>\n","protected":false},"featured_media":5058,"template":"","meta":[],"product_brand":[],"product_cat":[15],"product_tag":[],"class_list":{"0":"post-5056","1":"product","2":"type-product","3":"status-publish","4":"has-post-thumbnail","6":"product_cat-non-classe","7":"pa_marque-sessun","9":"first","10":"instock","11":"shipping-taxable","12":"purchasable","13":"product-type-variable"},"jetpack_sharing_enabled":true,"_links":{"self":[{"href":"https:\/\/ideal-shopping.fr\/index.php?rest_route=\/wp\/v2\/product\/5056","targetHints":{"allow":["GET"]}}],"collection":[{"href":"https:\/\/ideal-shopping.fr\/index.php?rest_route=\/wp\/v2\/product"}],"about":[{"href":"https:\/\/ideal-shopping.fr\/index.php?rest_route=\/wp\/v2\/types\/product"}],"wp:featuredmedia":[{"embeddable":true,"href":"https:\/\/ideal-shopping.fr\/index.php?rest_route=\/wp\/v2\/media\/5058"}],"wp:attachment":[{"href":"https:\/\/ideal-shopping.fr\/index.php?rest_route=%2Fwp%2Fv2%2Fmedia&parent=5056"}],"wp:term":[{"taxonomy":"product_brand","embeddable":true,"href":"https:\/\/ideal-shopping.fr\/index.php?rest_route=%2Fwp%2Fv2%2Fproduct_brand&post=5056"},{"taxonomy":"product_cat","embeddable":true,"href":"https:\/\/ideal-shopping.fr\/index.php?rest_route=%2Fwp%2Fv2%2Fproduct_cat&post=5056"},{"taxonomy":"product_tag","embeddable":true,"href":"https:\/\/ideal-shopping.fr\/index.php?rest_route=%2Fwp%2Fv2%2Fproduct_tag&post=5056"}],"curies":[{"name":"wp","href":"https:\/\/api.w.org\/{rel}","templated":true}]}}