{"id":5028,"date":"2026-02-19T16:54:02","date_gmt":"2026-02-19T15:54:02","guid":{"rendered":"https:\/\/ideal-shopping.fr\/?post_type=product&#038;p=5028"},"modified":"2026-02-19T16:54:02","modified_gmt":"2026-02-19T15:54:02","slug":"chemise-blanc-casse-a-fines-rayures-bleu-clair-et-broderie","status":"publish","type":"product","link":"https:\/\/ideal-shopping.fr\/?product=chemise-blanc-casse-a-fines-rayures-bleu-clair-et-broderie","title":{"rendered":"Chemise blanc cass\u00e9 \u00e0 fines rayures bleu clair et broderie"},"content":{"rendered":"<div class=\"GeneralInfo_block__ribts\">\n<div class=\"GeneralInfo_description__GyKC5\">\n<p>Confectionn\u00e9e en 100 % coton, cette chemise \u00e0 fines rayures pr\u00e9sente une silhouette oversize \u00e0 emmanchure basse. L&rsquo;ourlet incurv\u00e9, avec pan l\u00e9g\u00e8rement plus long dans le dos, renforce la fluidit\u00e9 du mod\u00e8le, tandis que la d\u00e9licate broderie florale orn\u00e9e de paillettes et de perles ajoute une touche de glamour inattendue. Portez-la boutonn\u00e9e pour une allure habill\u00e9e, ou ouverte pour un look \u00e0 l&rsquo;\u00e9l\u00e9gance d\u00e9complex\u00e9e.<\/p>\n<p>&nbsp;<\/p>\n<ul>\n<li>100 % coton<\/li>\n<li>Tissu non extensible au grammage l\u00e9ger<\/li>\n<li>Mod\u00e8le qui se porte oversize<\/li>\n<li>Coupe carr\u00e9e<\/li>\n<li>Emmanchure basse<\/li>\n<li>Fermeture par boutonnage<\/li>\n<li>Ourlet incurv\u00e9 avec fentes<\/li>\n<li>Pan plus long dans le dos<\/li>\n<li>D\u00e9tails de broderies de paillettes et de perles<\/li>\n<li>Blanc cass\u00e9\/Bleu clair\/Vert<\/li>\n<\/ul>\n<p>&nbsp;<\/p>\n<\/div>\n<\/div>\n<div class=\"GeneralInfo_block__ribts\">\n<div class=\"GeneralInfo_title__BKPWX\" role=\"heading\" aria-level=\"1\">Tissu<\/div>\n<div class=\"GeneralInfo_composition__QcwFZ\">\n<p>100% Coton<br \/>\nPaillettes: 100% Acrylique<br \/>\nPerles: 100% Verre<br \/>\nBroderie: 100% Polyester<\/p>\n<\/div>\n<\/div>\n","protected":false},"excerpt":{"rendered":"<p>Confectionn\u00e9e en 100 % coton, cette chemise \u00e0 fines rayures pr\u00e9sente une silhouette oversize \u00e0 emmanchure basse. L&rsquo;ourlet incurv\u00e9, avec pan l\u00e9g\u00e8rement plus long dans le dos, renforce la fluidit\u00e9 du mod\u00e8le, tandis que la d\u00e9licate broderie florale orn\u00e9e de paillettes et de perles ajoute une touche de glamour inattendue. Portez-la boutonn\u00e9e pour une allure&hellip;<\/p>\n","protected":false},"featured_media":5031,"template":"","meta":[],"product_brand":[],"product_cat":[15],"product_tag":[],"class_list":{"0":"post-5028","1":"product","2":"type-product","3":"status-publish","4":"has-post-thumbnail","6":"product_cat-non-classe","7":"pa_marque-essentiel","9":"first","10":"instock","11":"shipping-taxable","12":"purchasable","13":"product-type-variable"},"jetpack_sharing_enabled":true,"_links":{"self":[{"href":"https:\/\/ideal-shopping.fr\/index.php?rest_route=\/wp\/v2\/product\/5028","targetHints":{"allow":["GET"]}}],"collection":[{"href":"https:\/\/ideal-shopping.fr\/index.php?rest_route=\/wp\/v2\/product"}],"about":[{"href":"https:\/\/ideal-shopping.fr\/index.php?rest_route=\/wp\/v2\/types\/product"}],"wp:featuredmedia":[{"embeddable":true,"href":"https:\/\/ideal-shopping.fr\/index.php?rest_route=\/wp\/v2\/media\/5031"}],"wp:attachment":[{"href":"https:\/\/ideal-shopping.fr\/index.php?rest_route=%2Fwp%2Fv2%2Fmedia&parent=5028"}],"wp:term":[{"taxonomy":"product_brand","embeddable":true,"href":"https:\/\/ideal-shopping.fr\/index.php?rest_route=%2Fwp%2Fv2%2Fproduct_brand&post=5028"},{"taxonomy":"product_cat","embeddable":true,"href":"https:\/\/ideal-shopping.fr\/index.php?rest_route=%2Fwp%2Fv2%2Fproduct_cat&post=5028"},{"taxonomy":"product_tag","embeddable":true,"href":"https:\/\/ideal-shopping.fr\/index.php?rest_route=%2Fwp%2Fv2%2Fproduct_tag&post=5028"}],"curies":[{"name":"wp","href":"https:\/\/api.w.org\/{rel}","templated":true}]}}