{"id":5019,"date":"2026-02-19T16:48:09","date_gmt":"2026-02-19T15:48:09","guid":{"rendered":"https:\/\/ideal-shopping.fr\/?post_type=product&#038;p=5019"},"modified":"2026-02-19T16:48:09","modified_gmt":"2026-02-19T15:48:09","slug":"chemise-oversize-a-rayures-blanc-casse-et-verte-avec-plastron-en-strass","status":"publish","type":"product","link":"https:\/\/ideal-shopping.fr\/?product=chemise-oversize-a-rayures-blanc-casse-et-verte-avec-plastron-en-strass","title":{"rendered":"Chemise oversize \u00e0 rayures blanc cass\u00e9 et verte avec plastron en strass"},"content":{"rendered":"<div class=\"GeneralInfo_block__ribts\">\n<div class=\"GeneralInfo_description__GyKC5\">\n<p>Pens\u00e9e dans une coupe intentionnellement oversize, cette chemise \u00e0 rayures associe des \u00e9l\u00e9ments de chemise classiques \u00e0 des d\u00e9tails de texture inattendus. Elle est dot\u00e9e d&rsquo;une fermeture \u00e0 boutons, de deux poches poitrine et d&rsquo;un pan arrondi plus long dans le dos pour offrir un drap\u00e9 fluide. Les subtils ornements en strass ajoutent une touche d&rsquo;\u00e9clat. Un plastron assorti est gliss\u00e9 sous la chemise, avec fermeture \u00e0 glissi\u00e8re dissimul\u00e9e pour une superposition lisse.<\/p>\n<p>&nbsp;<\/p>\n<ul>\n<li>Tissu non extensible au grammage l\u00e9ger<\/li>\n<li>Mod\u00e8le qui se porte oversize<\/li>\n<li>Fermeture par boutonnage<\/li>\n<li>Deux poches de poitrine<\/li>\n<li>Ourlet incurv\u00e9<\/li>\n<li>Pan plus long au dos<\/li>\n<li>Ornement en strass<\/li>\n<li>Plastron s\u00e9par\u00e9 sous la chemise<\/li>\n<li>Plastron avec fermeture \u00e0 glissi\u00e8re dissimul\u00e9e<\/li>\n<li>Blanc cass\u00e9\/Vert<\/li>\n<\/ul>\n<p>&nbsp;<\/p>\n<\/div>\n<\/div>\n<div class=\"GeneralInfo_block__ribts\">\n<div class=\"GeneralInfo_title__BKPWX\" role=\"heading\" aria-level=\"1\">Tissu<\/div>\n<div class=\"GeneralInfo_composition__QcwFZ\">\n<p>80% Polyester<br \/>\n20% Viscose<br \/>\nStrass en verre: 50% Laiton;50% Verre<\/p>\n<\/div>\n<\/div>\n","protected":false},"excerpt":{"rendered":"<p>Pens\u00e9e dans une coupe intentionnellement oversize, cette chemise \u00e0 rayures associe des \u00e9l\u00e9ments de chemise classiques \u00e0 des d\u00e9tails de texture inattendus. Elle est dot\u00e9e d&rsquo;une fermeture \u00e0 boutons, de deux poches poitrine et d&rsquo;un pan arrondi plus long dans le dos pour offrir un drap\u00e9 fluide. Les subtils ornements en strass ajoutent une touche&hellip;<\/p>\n","protected":false},"featured_media":5021,"template":"","meta":[],"product_brand":[],"product_cat":[15],"product_tag":[],"class_list":{"0":"post-5019","1":"product","2":"type-product","3":"status-publish","4":"has-post-thumbnail","6":"product_cat-non-classe","7":"pa_marque-essentiel","9":"first","10":"instock","11":"shipping-taxable","12":"purchasable","13":"product-type-variable"},"jetpack_sharing_enabled":true,"_links":{"self":[{"href":"https:\/\/ideal-shopping.fr\/index.php?rest_route=\/wp\/v2\/product\/5019","targetHints":{"allow":["GET"]}}],"collection":[{"href":"https:\/\/ideal-shopping.fr\/index.php?rest_route=\/wp\/v2\/product"}],"about":[{"href":"https:\/\/ideal-shopping.fr\/index.php?rest_route=\/wp\/v2\/types\/product"}],"wp:featuredmedia":[{"embeddable":true,"href":"https:\/\/ideal-shopping.fr\/index.php?rest_route=\/wp\/v2\/media\/5021"}],"wp:attachment":[{"href":"https:\/\/ideal-shopping.fr\/index.php?rest_route=%2Fwp%2Fv2%2Fmedia&parent=5019"}],"wp:term":[{"taxonomy":"product_brand","embeddable":true,"href":"https:\/\/ideal-shopping.fr\/index.php?rest_route=%2Fwp%2Fv2%2Fproduct_brand&post=5019"},{"taxonomy":"product_cat","embeddable":true,"href":"https:\/\/ideal-shopping.fr\/index.php?rest_route=%2Fwp%2Fv2%2Fproduct_cat&post=5019"},{"taxonomy":"product_tag","embeddable":true,"href":"https:\/\/ideal-shopping.fr\/index.php?rest_route=%2Fwp%2Fv2%2Fproduct_tag&post=5019"}],"curies":[{"name":"wp","href":"https:\/\/api.w.org\/{rel}","templated":true}]}}