{"id":5004,"date":"2026-02-19T16:32:43","date_gmt":"2026-02-19T15:32:43","guid":{"rendered":"https:\/\/ideal-shopping.fr\/?post_type=product&#038;p=5004"},"modified":"2026-02-19T16:32:43","modified_gmt":"2026-02-19T15:32:43","slug":"polo-en-maille-fine-rose-et-orange-a-volants-et-perles","status":"publish","type":"product","link":"https:\/\/ideal-shopping.fr\/?product=polo-en-maille-fine-rose-et-orange-a-volants-et-perles","title":{"rendered":"Polo en maille fine rose et orange \u00e0 volants et perles"},"content":{"rendered":"<div class=\"GeneralInfo_block__ribts\">\n<div class=\"GeneralInfo_description__GyKC5\">\n<p>Polo dont la coupe d\u00e9contract\u00e9e se resserre au niveau des hanches pour s&rsquo;associer \u00e0 merveille \u00e0 des tailles hautes. Le col rehauss\u00e9 de volants et de perles lui donne un air \u00e9l\u00e9gant, tandis que les boutons en nacre lui apportent une touche d&rsquo;\u00e9clat.<\/p>\n<p>&nbsp;<\/p>\n<ul>\n<li>Maille fine<\/li>\n<li>Bords c\u00f4tel\u00e9s<\/li>\n<li>Fermeture par boutonnage<\/li>\n<li>Ornements de perles sur le col<\/li>\n<li>D\u00e9tails de volants au col<\/li>\n<li>Boutons en nacre<\/li>\n<li>Rose\/Rouge<\/li>\n<\/ul>\n<p>&nbsp;<\/p>\n<\/div>\n<\/div>\n<div class=\"GeneralInfo_block__ribts\">\n<div class=\"GeneralInfo_title__BKPWX\" role=\"heading\" aria-level=\"1\">Tissu<\/div>\n<div class=\"GeneralInfo_composition__QcwFZ\">\n<p>62% Viscose<br \/>\n38% Polyester<br \/>\nCol: 100% Polyester &#8211; recycl\u00e9<br \/>\nPerles: 100% Acrylique<\/p>\n<\/div>\n<\/div>\n","protected":false},"excerpt":{"rendered":"<p>Polo dont la coupe d\u00e9contract\u00e9e se resserre au niveau des hanches pour s&rsquo;associer \u00e0 merveille \u00e0 des tailles hautes. Le col rehauss\u00e9 de volants et de perles lui donne un air \u00e9l\u00e9gant, tandis que les boutons en nacre lui apportent une touche d&rsquo;\u00e9clat. &nbsp; Maille fine Bords c\u00f4tel\u00e9s Fermeture par boutonnage Ornements de perles sur&hellip;<\/p>\n","protected":false},"featured_media":5006,"template":"","meta":[],"product_brand":[],"product_cat":[15],"product_tag":[],"class_list":{"0":"post-5004","1":"product","2":"type-product","3":"status-publish","4":"has-post-thumbnail","6":"product_cat-non-classe","7":"pa_marque-essentiel","9":"first","10":"instock","11":"shipping-taxable","12":"purchasable","13":"product-type-variable"},"jetpack_sharing_enabled":true,"_links":{"self":[{"href":"https:\/\/ideal-shopping.fr\/index.php?rest_route=\/wp\/v2\/product\/5004","targetHints":{"allow":["GET"]}}],"collection":[{"href":"https:\/\/ideal-shopping.fr\/index.php?rest_route=\/wp\/v2\/product"}],"about":[{"href":"https:\/\/ideal-shopping.fr\/index.php?rest_route=\/wp\/v2\/types\/product"}],"wp:featuredmedia":[{"embeddable":true,"href":"https:\/\/ideal-shopping.fr\/index.php?rest_route=\/wp\/v2\/media\/5006"}],"wp:attachment":[{"href":"https:\/\/ideal-shopping.fr\/index.php?rest_route=%2Fwp%2Fv2%2Fmedia&parent=5004"}],"wp:term":[{"taxonomy":"product_brand","embeddable":true,"href":"https:\/\/ideal-shopping.fr\/index.php?rest_route=%2Fwp%2Fv2%2Fproduct_brand&post=5004"},{"taxonomy":"product_cat","embeddable":true,"href":"https:\/\/ideal-shopping.fr\/index.php?rest_route=%2Fwp%2Fv2%2Fproduct_cat&post=5004"},{"taxonomy":"product_tag","embeddable":true,"href":"https:\/\/ideal-shopping.fr\/index.php?rest_route=%2Fwp%2Fv2%2Fproduct_tag&post=5004"}],"curies":[{"name":"wp","href":"https:\/\/api.w.org\/{rel}","templated":true}]}}