{"id":4996,"date":"2026-02-19T16:26:41","date_gmt":"2026-02-19T15:26:41","guid":{"rendered":"https:\/\/ideal-shopping.fr\/?post_type=product&#038;p=4996"},"modified":"2026-02-19T16:26:41","modified_gmt":"2026-02-19T15:26:41","slug":"cardigan-a-imprime-fleuri-rouge-et-blanc-casse-aux-bords-bruns","status":"publish","type":"product","link":"https:\/\/ideal-shopping.fr\/?product=cardigan-a-imprime-fleuri-rouge-et-blanc-casse-aux-bords-bruns","title":{"rendered":"Cardigan \u00e0 imprim\u00e9 fleuri rouge et blanc cass\u00e9 aux bords bruns"},"content":{"rendered":"<div class=\"GeneralInfo_block__ribts\">\n<div class=\"GeneralInfo_description__GyKC5\">\n<p>Orn\u00e9 d&rsquo;un motif fleuri subtil et surprenant, faisant \u00e9cho aux fleurs psych\u00e9d\u00e9liques, ce cardigan est confectionn\u00e9 \u00e0 partir d&rsquo;une maille fine pour une sensation de l\u00e9g\u00e8ret\u00e9. La coupe d\u00e9contract\u00e9e est pourvue d&rsquo;une fermeture par boutonnage et d&rsquo;un bord contrast\u00e9 comme touche ludique. Il est agr\u00e9ment\u00e9 de poches plaqu\u00e9es et de manches 3\/4. Facile \u00e0 superposer, confortable \u00e0 porter.<\/p>\n<p>&nbsp;<\/p>\n<ul>\n<li>\u00c0 base de polyester recycl\u00e9<\/li>\n<li>Maille fine<\/li>\n<li>Mod\u00e8le qui se porte d\u00e9contract\u00e9<\/li>\n<li>Fermeture par boutonnage<\/li>\n<li>Poches \u00e0 rabat<\/li>\n<li>Manches 3\/4<\/li>\n<li>Emmanchure basse<\/li>\n<li>Bords contrast\u00e9s<\/li>\n<li>Rouge\/Blanc cass\u00e9\/Brown<\/li>\n<\/ul>\n<p>&nbsp;<\/p>\n<\/div>\n<\/div>\n<div class=\"GeneralInfo_block__ribts\">\n<div class=\"GeneralInfo_title__BKPWX\" role=\"heading\" aria-level=\"1\">Tissu<\/div>\n<div class=\"GeneralInfo_composition__QcwFZ\">\n<p>46% Viscose<br \/>\n28% Polyester<br \/>\n21% Polyester &#8211; recycl\u00e9<br \/>\n5% Polyamide<br \/>\nPassepoil: 62% Viscose;38% Polyester<\/p>\n<\/div>\n<\/div>\n","protected":false},"excerpt":{"rendered":"<p>Orn\u00e9 d&rsquo;un motif fleuri subtil et surprenant, faisant \u00e9cho aux fleurs psych\u00e9d\u00e9liques, ce cardigan est confectionn\u00e9 \u00e0 partir d&rsquo;une maille fine pour une sensation de l\u00e9g\u00e8ret\u00e9. La coupe d\u00e9contract\u00e9e est pourvue d&rsquo;une fermeture par boutonnage et d&rsquo;un bord contrast\u00e9 comme touche ludique. Il est agr\u00e9ment\u00e9 de poches plaqu\u00e9es et de manches 3\/4. Facile \u00e0 superposer,&hellip;<\/p>\n","protected":false},"featured_media":4998,"template":"","meta":[],"product_brand":[],"product_cat":[15],"product_tag":[],"class_list":{"0":"post-4996","1":"product","2":"type-product","3":"status-publish","4":"has-post-thumbnail","6":"product_cat-non-classe","7":"pa_marque-essentiel","9":"first","10":"instock","11":"shipping-taxable","12":"purchasable","13":"product-type-variable"},"jetpack_sharing_enabled":true,"_links":{"self":[{"href":"https:\/\/ideal-shopping.fr\/index.php?rest_route=\/wp\/v2\/product\/4996","targetHints":{"allow":["GET"]}}],"collection":[{"href":"https:\/\/ideal-shopping.fr\/index.php?rest_route=\/wp\/v2\/product"}],"about":[{"href":"https:\/\/ideal-shopping.fr\/index.php?rest_route=\/wp\/v2\/types\/product"}],"wp:featuredmedia":[{"embeddable":true,"href":"https:\/\/ideal-shopping.fr\/index.php?rest_route=\/wp\/v2\/media\/4998"}],"wp:attachment":[{"href":"https:\/\/ideal-shopping.fr\/index.php?rest_route=%2Fwp%2Fv2%2Fmedia&parent=4996"}],"wp:term":[{"taxonomy":"product_brand","embeddable":true,"href":"https:\/\/ideal-shopping.fr\/index.php?rest_route=%2Fwp%2Fv2%2Fproduct_brand&post=4996"},{"taxonomy":"product_cat","embeddable":true,"href":"https:\/\/ideal-shopping.fr\/index.php?rest_route=%2Fwp%2Fv2%2Fproduct_cat&post=4996"},{"taxonomy":"product_tag","embeddable":true,"href":"https:\/\/ideal-shopping.fr\/index.php?rest_route=%2Fwp%2Fv2%2Fproduct_tag&post=4996"}],"curies":[{"name":"wp","href":"https:\/\/api.w.org\/{rel}","templated":true}]}}