{"id":4989,"date":"2026-02-19T16:20:27","date_gmt":"2026-02-19T15:20:27","guid":{"rendered":"https:\/\/ideal-shopping.fr\/?post_type=product&#038;p=4989"},"modified":"2026-02-19T16:20:27","modified_gmt":"2026-02-19T15:20:27","slug":"cardigan-en-pied-de-poule-jaune-et-blanc-casse","status":"publish","type":"product","link":"https:\/\/ideal-shopping.fr\/?product=cardigan-en-pied-de-poule-jaune-et-blanc-casse","title":{"rendered":"Cardigan en pied-de-poule jaune et blanc cass\u00e9"},"content":{"rendered":"<div class=\"GeneralInfo_block__ribts\">\n<div class=\"GeneralInfo_title__BKPWX\" role=\"heading\" aria-level=\"1\">DESCRIPTION<\/div>\n<div class=\"GeneralInfo_description__GyKC5\">\n<p>R\u00e9alis\u00e9e dans un tricot au grammage moyen \u00e0 finition douce et tactile, cette veste pr\u00e9sente une coupe d\u00e9contract\u00e9e et confortable au tomb\u00e9 naturel. Le motif pied-de-poule audacieux apporte une touche graphique, tandis que le boutonnage \u00e9pur\u00e9 et le col structur\u00e9 contrebalancent la silhouette avec une touche de raffinement. Avec ses lignes l\u00e9g\u00e8rement incurv\u00e9es et ses empi\u00e8cements subtils, il offre \u00e0 la fois confort et caract\u00e8re.<\/p>\n<p>&nbsp;<\/p>\n<ul>\n<li>Tricot au grammage moyen<\/li>\n<li>Mod\u00e8le qui se porte d\u00e9contract\u00e9<\/li>\n<li>Fermeture par boutonnage<\/li>\n<li>Jaune\/Blanc cass\u00e9<\/li>\n<\/ul>\n<p>&nbsp;<\/p>\n<\/div>\n<\/div>\n<div class=\"GeneralInfo_block__ribts\">\n<div class=\"GeneralInfo_title__BKPWX\" role=\"heading\" aria-level=\"1\">Tissu<\/div>\n<div class=\"GeneralInfo_composition__QcwFZ\">\n<p>100% Polyamide<\/p>\n<\/div>\n<\/div>\n","protected":false},"excerpt":{"rendered":"<p>DESCRIPTION R\u00e9alis\u00e9e dans un tricot au grammage moyen \u00e0 finition douce et tactile, cette veste pr\u00e9sente une coupe d\u00e9contract\u00e9e et confortable au tomb\u00e9 naturel. Le motif pied-de-poule audacieux apporte une touche graphique, tandis que le boutonnage \u00e9pur\u00e9 et le col structur\u00e9 contrebalancent la silhouette avec une touche de raffinement. Avec ses lignes l\u00e9g\u00e8rement incurv\u00e9es et&hellip;<\/p>\n","protected":false},"featured_media":4991,"template":"","meta":[],"product_brand":[],"product_cat":[15],"product_tag":[],"class_list":{"0":"post-4989","1":"product","2":"type-product","3":"status-publish","4":"has-post-thumbnail","6":"product_cat-non-classe","7":"pa_marque-essentiel","9":"first","10":"instock","11":"shipping-taxable","12":"purchasable","13":"product-type-variable"},"jetpack_sharing_enabled":true,"_links":{"self":[{"href":"https:\/\/ideal-shopping.fr\/index.php?rest_route=\/wp\/v2\/product\/4989","targetHints":{"allow":["GET"]}}],"collection":[{"href":"https:\/\/ideal-shopping.fr\/index.php?rest_route=\/wp\/v2\/product"}],"about":[{"href":"https:\/\/ideal-shopping.fr\/index.php?rest_route=\/wp\/v2\/types\/product"}],"wp:featuredmedia":[{"embeddable":true,"href":"https:\/\/ideal-shopping.fr\/index.php?rest_route=\/wp\/v2\/media\/4991"}],"wp:attachment":[{"href":"https:\/\/ideal-shopping.fr\/index.php?rest_route=%2Fwp%2Fv2%2Fmedia&parent=4989"}],"wp:term":[{"taxonomy":"product_brand","embeddable":true,"href":"https:\/\/ideal-shopping.fr\/index.php?rest_route=%2Fwp%2Fv2%2Fproduct_brand&post=4989"},{"taxonomy":"product_cat","embeddable":true,"href":"https:\/\/ideal-shopping.fr\/index.php?rest_route=%2Fwp%2Fv2%2Fproduct_cat&post=4989"},{"taxonomy":"product_tag","embeddable":true,"href":"https:\/\/ideal-shopping.fr\/index.php?rest_route=%2Fwp%2Fv2%2Fproduct_tag&post=4989"}],"curies":[{"name":"wp","href":"https:\/\/api.w.org\/{rel}","templated":true}]}}