{"id":4981,"date":"2026-02-19T16:12:14","date_gmt":"2026-02-19T15:12:14","guid":{"rendered":"https:\/\/ideal-shopping.fr\/?post_type=product&#038;p=4981"},"modified":"2026-02-19T16:12:15","modified_gmt":"2026-02-19T15:12:15","slug":"jupe-trapeze-verte","status":"publish","type":"product","link":"https:\/\/ideal-shopping.fr\/?product=jupe-trapeze-verte","title":{"rendered":"Jupe trap\u00e8ze verte"},"content":{"rendered":"<div class=\"GeneralInfo_block__ribts\">\n<div class=\"GeneralInfo_description__GyKC5\">\n<p>Jupe trap\u00e8ze d\u00e9contract\u00e9e d&rsquo;une ceinture dans le m\u00eame tissu et de poches italiennes discr\u00e8tes. Elle est enti\u00e8rement doubl\u00e9e pour offrir un joli drap\u00e9 naturel et une finition soign\u00e9e.<\/p>\n<p>&nbsp;<\/p>\n<ul>\n<li>Tissu non extensible au grammage moyen<\/li>\n<li>Mod\u00e8le qui se porte d\u00e9contract\u00e9<\/li>\n<li>Coupe trap\u00e8ze<\/li>\n<li>Bande de taille dans la m\u00eame mati\u00e8re<\/li>\n<li>Poches italiennes<\/li>\n<li>Avec doublure<\/li>\n<li>Vert<\/li>\n<\/ul>\n<p>&nbsp;<\/p>\n<\/div>\n<\/div>\n<div class=\"GeneralInfo_block__ribts\">\n<div class=\"GeneralInfo_title__BKPWX\" role=\"heading\" aria-level=\"1\">Tissu<\/div>\n<div class=\"GeneralInfo_composition__QcwFZ\">\n<p>100% Polyester &#8211; recycl\u00e9<br \/>\nDoublure: 52% Polyester &#8211; recycl\u00e9;48% Viscose<\/p>\n<\/div>\n<\/div>\n","protected":false},"excerpt":{"rendered":"<p>Jupe trap\u00e8ze d\u00e9contract\u00e9e d&rsquo;une ceinture dans le m\u00eame tissu et de poches italiennes discr\u00e8tes. Elle est enti\u00e8rement doubl\u00e9e pour offrir un joli drap\u00e9 naturel et une finition soign\u00e9e. &nbsp; Tissu non extensible au grammage moyen Mod\u00e8le qui se porte d\u00e9contract\u00e9 Coupe trap\u00e8ze Bande de taille dans la m\u00eame mati\u00e8re Poches italiennes Avec doublure Vert &nbsp;&hellip;<\/p>\n","protected":false},"featured_media":4986,"template":"","meta":[],"product_brand":[],"product_cat":[15],"product_tag":[],"class_list":{"0":"post-4981","1":"product","2":"type-product","3":"status-publish","4":"has-post-thumbnail","6":"product_cat-non-classe","7":"pa_marque-essentiel","9":"first","10":"instock","11":"shipping-taxable","12":"purchasable","13":"product-type-variable"},"jetpack_sharing_enabled":true,"_links":{"self":[{"href":"https:\/\/ideal-shopping.fr\/index.php?rest_route=\/wp\/v2\/product\/4981","targetHints":{"allow":["GET"]}}],"collection":[{"href":"https:\/\/ideal-shopping.fr\/index.php?rest_route=\/wp\/v2\/product"}],"about":[{"href":"https:\/\/ideal-shopping.fr\/index.php?rest_route=\/wp\/v2\/types\/product"}],"wp:featuredmedia":[{"embeddable":true,"href":"https:\/\/ideal-shopping.fr\/index.php?rest_route=\/wp\/v2\/media\/4986"}],"wp:attachment":[{"href":"https:\/\/ideal-shopping.fr\/index.php?rest_route=%2Fwp%2Fv2%2Fmedia&parent=4981"}],"wp:term":[{"taxonomy":"product_brand","embeddable":true,"href":"https:\/\/ideal-shopping.fr\/index.php?rest_route=%2Fwp%2Fv2%2Fproduct_brand&post=4981"},{"taxonomy":"product_cat","embeddable":true,"href":"https:\/\/ideal-shopping.fr\/index.php?rest_route=%2Fwp%2Fv2%2Fproduct_cat&post=4981"},{"taxonomy":"product_tag","embeddable":true,"href":"https:\/\/ideal-shopping.fr\/index.php?rest_route=%2Fwp%2Fv2%2Fproduct_tag&post=4981"}],"curies":[{"name":"wp","href":"https:\/\/api.w.org\/{rel}","templated":true}]}}