{"id":4959,"date":"2026-02-19T15:52:50","date_gmt":"2026-02-19T14:52:50","guid":{"rendered":"https:\/\/ideal-shopping.fr\/?post_type=product&#038;p=4959"},"modified":"2026-02-19T15:52:51","modified_gmt":"2026-02-19T14:52:51","slug":"jean-a-jambe-barrel-blanc-casse","status":"publish","type":"product","link":"https:\/\/ideal-shopping.fr\/?product=jean-a-jambe-barrel-blanc-casse","title":{"rendered":"Jean \u00e0 jambe barrel blanc cass\u00e9"},"content":{"rendered":"<div class=\"GeneralInfo_block__ribts\">\n<div class=\"GeneralInfo_description__GyKC5\">\n<p>Jean confectionn\u00e9 en 100 % coton biologique dans une silhouette \u00e0 jambe barrel contemporaine, rehauss\u00e9 d&rsquo;une couture lat\u00e9rale incurv\u00e9e cr\u00e9ant un subtil effet d\u00e9construit. Le style classique \u00e0 cinq poches comprend une poche arri\u00e8re enduite ajoutant un d\u00e9tail de contraste audacieux, tandis que la ceinture \u00e0 l&rsquo;arri\u00e8re est accentu\u00e9e par une languette avec le logo de la marque. Dot\u00e9 d&rsquo;une fermeture \u00e0 glissi\u00e8re et bouton et de passants de ceinture fonctionnels.<\/p>\n<p>&nbsp;<\/p>\n<ul>\n<li>100 % coton bio<\/li>\n<li>Denim au grammage moyen<\/li>\n<li>Mod\u00e8le qui se porte d\u00e9contract\u00e9<\/li>\n<li>Fermeture par boutonnage et glissi\u00e8re<\/li>\n<li>Mod\u00e8le \u00e0 cinq poches<\/li>\n<li>Passants de ceinture<\/li>\n<li>Jambe barrel<\/li>\n<li>Couture lat\u00e9rale ext\u00e9rieure incurv\u00e9e<\/li>\n<li>Languette \u00e0 logo de marque \u00e0 l&rsquo;arri\u00e8re de la ceinture<\/li>\n<li>Blanc cass\u00e9<\/li>\n<\/ul>\n<p>&nbsp;<\/p>\n<\/div>\n<\/div>\n<div class=\"GeneralInfo_block__ribts\">\n<div class=\"GeneralInfo_title__BKPWX\" role=\"heading\" aria-level=\"1\">Tissu<\/div>\n<div class=\"GeneralInfo_composition__QcwFZ\">\n<p>100% Coton &#8211; biologique<\/p>\n<\/div>\n<\/div>\n","protected":false},"excerpt":{"rendered":"<p>Jean confectionn\u00e9 en 100 % coton biologique dans une silhouette \u00e0 jambe barrel contemporaine, rehauss\u00e9 d&rsquo;une couture lat\u00e9rale incurv\u00e9e cr\u00e9ant un subtil effet d\u00e9construit. Le style classique \u00e0 cinq poches comprend une poche arri\u00e8re enduite ajoutant un d\u00e9tail de contraste audacieux, tandis que la ceinture \u00e0 l&rsquo;arri\u00e8re est accentu\u00e9e par une languette avec le logo&hellip;<\/p>\n","protected":false},"featured_media":4961,"template":"","meta":[],"product_brand":[],"product_cat":[15],"product_tag":[],"class_list":{"0":"post-4959","1":"product","2":"type-product","3":"status-publish","4":"has-post-thumbnail","6":"product_cat-non-classe","7":"pa_marque-essentiel","9":"first","10":"instock","11":"shipping-taxable","12":"purchasable","13":"product-type-variable"},"jetpack_sharing_enabled":true,"_links":{"self":[{"href":"https:\/\/ideal-shopping.fr\/index.php?rest_route=\/wp\/v2\/product\/4959","targetHints":{"allow":["GET"]}}],"collection":[{"href":"https:\/\/ideal-shopping.fr\/index.php?rest_route=\/wp\/v2\/product"}],"about":[{"href":"https:\/\/ideal-shopping.fr\/index.php?rest_route=\/wp\/v2\/types\/product"}],"wp:featuredmedia":[{"embeddable":true,"href":"https:\/\/ideal-shopping.fr\/index.php?rest_route=\/wp\/v2\/media\/4961"}],"wp:attachment":[{"href":"https:\/\/ideal-shopping.fr\/index.php?rest_route=%2Fwp%2Fv2%2Fmedia&parent=4959"}],"wp:term":[{"taxonomy":"product_brand","embeddable":true,"href":"https:\/\/ideal-shopping.fr\/index.php?rest_route=%2Fwp%2Fv2%2Fproduct_brand&post=4959"},{"taxonomy":"product_cat","embeddable":true,"href":"https:\/\/ideal-shopping.fr\/index.php?rest_route=%2Fwp%2Fv2%2Fproduct_cat&post=4959"},{"taxonomy":"product_tag","embeddable":true,"href":"https:\/\/ideal-shopping.fr\/index.php?rest_route=%2Fwp%2Fv2%2Fproduct_tag&post=4959"}],"curies":[{"name":"wp","href":"https:\/\/api.w.org\/{rel}","templated":true}]}}