{"id":4951,"date":"2026-02-19T15:45:05","date_gmt":"2026-02-19T14:45:05","guid":{"rendered":"https:\/\/ideal-shopping.fr\/?post_type=product&#038;p=4951"},"modified":"2026-02-19T15:45:05","modified_gmt":"2026-02-19T14:45:05","slug":"pantalon-a-jambe-large-bleu-marine","status":"publish","type":"product","link":"https:\/\/ideal-shopping.fr\/?product=pantalon-a-jambe-large-bleu-marine","title":{"rendered":"Pantalon \u00e0 jambe large bleu marine"},"content":{"rendered":"<div class=\"GeneralInfo_block__ribts\">\n<div class=\"GeneralInfo_description__GyKC5\">\n<p>Pantalon dot\u00e9 d&rsquo;une finition subtilement textur\u00e9e et de jambes larges qui renforcent la fluidit\u00e9 naturelle de la mati\u00e8re. Il repose haut et confortablement \u00e0 la taille, s&rsquo;adaptant facilement \u00e0 vos formes gr\u00e2ce au cordon de serrage. Pourvu de poches italiennes pour ranger vos objets essentiels.<\/p>\n<p>&nbsp;<\/p>\n<ul>\n<li>Tissu non extensible au grammage l\u00e9ger<\/li>\n<li>Mod\u00e8le qui se porte d\u00e9contract\u00e9<\/li>\n<li>Taille haute<\/li>\n<li>Jambe large<\/li>\n<li>Taille \u00e9lastique avec cordon de serrage<\/li>\n<li>Poches italiennes<\/li>\n<li>Bleu marine<\/li>\n<\/ul>\n<p>&nbsp;<\/p>\n<\/div>\n<\/div>\n<div class=\"GeneralInfo_block__ribts\">\n<div class=\"GeneralInfo_title__BKPWX\" role=\"heading\" aria-level=\"1\">Tissu<\/div>\n<div class=\"GeneralInfo_composition__QcwFZ\">\n<p>100% Viscose<\/p>\n<\/div>\n<\/div>\n","protected":false},"excerpt":{"rendered":"<p>Pantalon dot\u00e9 d&rsquo;une finition subtilement textur\u00e9e et de jambes larges qui renforcent la fluidit\u00e9 naturelle de la mati\u00e8re. Il repose haut et confortablement \u00e0 la taille, s&rsquo;adaptant facilement \u00e0 vos formes gr\u00e2ce au cordon de serrage. Pourvu de poches italiennes pour ranger vos objets essentiels. &nbsp; Tissu non extensible au grammage l\u00e9ger Mod\u00e8le qui se&hellip;<\/p>\n","protected":false},"featured_media":4953,"template":"","meta":[],"product_brand":[],"product_cat":[15],"product_tag":[],"class_list":{"0":"post-4951","1":"product","2":"type-product","3":"status-publish","4":"has-post-thumbnail","6":"product_cat-non-classe","7":"pa_marque-essentiel","9":"first","10":"instock","11":"shipping-taxable","12":"purchasable","13":"product-type-variable"},"jetpack_sharing_enabled":true,"_links":{"self":[{"href":"https:\/\/ideal-shopping.fr\/index.php?rest_route=\/wp\/v2\/product\/4951","targetHints":{"allow":["GET"]}}],"collection":[{"href":"https:\/\/ideal-shopping.fr\/index.php?rest_route=\/wp\/v2\/product"}],"about":[{"href":"https:\/\/ideal-shopping.fr\/index.php?rest_route=\/wp\/v2\/types\/product"}],"wp:featuredmedia":[{"embeddable":true,"href":"https:\/\/ideal-shopping.fr\/index.php?rest_route=\/wp\/v2\/media\/4953"}],"wp:attachment":[{"href":"https:\/\/ideal-shopping.fr\/index.php?rest_route=%2Fwp%2Fv2%2Fmedia&parent=4951"}],"wp:term":[{"taxonomy":"product_brand","embeddable":true,"href":"https:\/\/ideal-shopping.fr\/index.php?rest_route=%2Fwp%2Fv2%2Fproduct_brand&post=4951"},{"taxonomy":"product_cat","embeddable":true,"href":"https:\/\/ideal-shopping.fr\/index.php?rest_route=%2Fwp%2Fv2%2Fproduct_cat&post=4951"},{"taxonomy":"product_tag","embeddable":true,"href":"https:\/\/ideal-shopping.fr\/index.php?rest_route=%2Fwp%2Fv2%2Fproduct_tag&post=4951"}],"curies":[{"name":"wp","href":"https:\/\/api.w.org\/{rel}","templated":true}]}}