{"id":4945,"date":"2026-02-19T15:40:20","date_gmt":"2026-02-19T14:40:20","guid":{"rendered":"https:\/\/ideal-shopping.fr\/?post_type=product&#038;p=4945"},"modified":"2026-02-19T15:40:20","modified_gmt":"2026-02-19T14:40:20","slug":"chemise-oversize-bleu-marine-a-volants","status":"publish","type":"product","link":"https:\/\/ideal-shopping.fr\/?product=chemise-oversize-bleu-marine-a-volants","title":{"rendered":"Chemise oversize bleu marine \u00e0 volants"},"content":{"rendered":"<div class=\"GeneralInfo_block__ribts\">\n<div class=\"GeneralInfo_description__GyKC5\">\n<p>hemise oversize dot\u00e9e d&rsquo;une emmanchure basse pour adopter une silhouette d\u00e9contract\u00e9e. Elle arbore une fermeture \u00e0 boutons classique sur le devant, une poche poitrine unique et des d\u00e9tails de volant gracieux le long des coutures des manches pour plus de volume et de mouvement.<\/p>\n<p>&nbsp;<\/p>\n<ul>\n<li>Tissu non extensible au grammage l\u00e9ger<\/li>\n<li>Mod\u00e8le qui se porte d\u00e9contract\u00e9<\/li>\n<li>Emmanchure basse<\/li>\n<li>Fermeture par boutonnage<\/li>\n<li>Poche de poitrine<\/li>\n<li>D\u00e9tail de volant le long des coutures des manches<\/li>\n<li>Bleu marine<\/li>\n<\/ul>\n<p>&nbsp;<\/p>\n<\/div>\n<\/div>\n<div class=\"GeneralInfo_block__ribts\">\n<div class=\"GeneralInfo_title__BKPWX\" role=\"heading\" aria-level=\"1\">Tissu<\/div>\n<div class=\"GeneralInfo_composition__QcwFZ\">\n<p>100% Viscose<\/p>\n<\/div>\n<\/div>\n","protected":false},"excerpt":{"rendered":"<p>hemise oversize dot\u00e9e d&rsquo;une emmanchure basse pour adopter une silhouette d\u00e9contract\u00e9e. Elle arbore une fermeture \u00e0 boutons classique sur le devant, une poche poitrine unique et des d\u00e9tails de volant gracieux le long des coutures des manches pour plus de volume et de mouvement. &nbsp; Tissu non extensible au grammage l\u00e9ger Mod\u00e8le qui se porte&hellip;<\/p>\n","protected":false},"featured_media":4947,"template":"","meta":[],"product_brand":[],"product_cat":[15],"product_tag":[],"class_list":{"0":"post-4945","1":"product","2":"type-product","3":"status-publish","4":"has-post-thumbnail","6":"product_cat-non-classe","7":"pa_marque-essentiel","9":"first","10":"instock","11":"shipping-taxable","12":"purchasable","13":"product-type-variable"},"jetpack_sharing_enabled":true,"_links":{"self":[{"href":"https:\/\/ideal-shopping.fr\/index.php?rest_route=\/wp\/v2\/product\/4945","targetHints":{"allow":["GET"]}}],"collection":[{"href":"https:\/\/ideal-shopping.fr\/index.php?rest_route=\/wp\/v2\/product"}],"about":[{"href":"https:\/\/ideal-shopping.fr\/index.php?rest_route=\/wp\/v2\/types\/product"}],"wp:featuredmedia":[{"embeddable":true,"href":"https:\/\/ideal-shopping.fr\/index.php?rest_route=\/wp\/v2\/media\/4947"}],"wp:attachment":[{"href":"https:\/\/ideal-shopping.fr\/index.php?rest_route=%2Fwp%2Fv2%2Fmedia&parent=4945"}],"wp:term":[{"taxonomy":"product_brand","embeddable":true,"href":"https:\/\/ideal-shopping.fr\/index.php?rest_route=%2Fwp%2Fv2%2Fproduct_brand&post=4945"},{"taxonomy":"product_cat","embeddable":true,"href":"https:\/\/ideal-shopping.fr\/index.php?rest_route=%2Fwp%2Fv2%2Fproduct_cat&post=4945"},{"taxonomy":"product_tag","embeddable":true,"href":"https:\/\/ideal-shopping.fr\/index.php?rest_route=%2Fwp%2Fv2%2Fproduct_tag&post=4945"}],"curies":[{"name":"wp","href":"https:\/\/api.w.org\/{rel}","templated":true}]}}