{"id":4937,"date":"2026-02-19T15:17:27","date_gmt":"2026-02-19T14:17:27","guid":{"rendered":"https:\/\/ideal-shopping.fr\/?post_type=product&#038;p=4937"},"modified":"2026-02-19T15:19:03","modified_gmt":"2026-02-19T14:19:03","slug":"polo-a-rayures-terracotta-et-blanc-casse-avec-col-orne","status":"publish","type":"product","link":"https:\/\/ideal-shopping.fr\/?product=polo-a-rayures-terracotta-et-blanc-casse-avec-col-orne","title":{"rendered":"Polo \u00e0 rayures terracotta et blanc cass\u00e9 avec col orn\u00e9"},"content":{"rendered":"<div class=\"GeneralInfo_block__ribts\">\n<div class=\"GeneralInfo_description__GyKC5\">\n<p>Polo qui pr\u00e9sente une coupe d\u00e9contract\u00e9e. Le motif \u00e0 rayures saisissant d\u00e9finit la silhouette, compl\u00e9t\u00e9e par une fermeture \u00e0 bouton au col orn\u00e9 de strass subtils. L&#8217;emmanchure l\u00e9g\u00e8rement basse et les bords c\u00f4tel\u00e9s subliment le design et assurent une finition soign\u00e9e.<\/p>\n<p>&nbsp;<\/p>\n<ul>\n<li>Tissu l\u00e9g\u00e8rement extensible au grammage moyen<\/li>\n<li>Maille fine<\/li>\n<li>Mod\u00e8le qui se porte d\u00e9contract\u00e9<\/li>\n<li>Fermeture par boutonnage<\/li>\n<li>Emmanchure l\u00e9g\u00e8rement plus basse<\/li>\n<li>Bords c\u00f4tel\u00e9s<\/li>\n<li>Bords c\u00f4tel\u00e9s<\/li>\n<li>Ornements en strass le long du col<\/li>\n<li>Terracotta\/Blanc cass\u00e9<\/li>\n<\/ul>\n<p>&nbsp;<\/p>\n<\/div>\n<\/div>\n<div class=\"GeneralInfo_block__ribts\">\n<div class=\"GeneralInfo_title__BKPWX\" role=\"heading\" aria-level=\"1\">Tissu<\/div>\n<div class=\"GeneralInfo_composition__QcwFZ\">\n<p>62% Viscose<br \/>\n38% Polyester<br \/>\nStrass en verre: 100% Verre<\/p>\n<\/div>\n<\/div>\n","protected":false},"excerpt":{"rendered":"<p>Polo qui pr\u00e9sente une coupe d\u00e9contract\u00e9e. Le motif \u00e0 rayures saisissant d\u00e9finit la silhouette, compl\u00e9t\u00e9e par une fermeture \u00e0 bouton au col orn\u00e9 de strass subtils. L&#8217;emmanchure l\u00e9g\u00e8rement basse et les bords c\u00f4tel\u00e9s subliment le design et assurent une finition soign\u00e9e. &nbsp; Tissu l\u00e9g\u00e8rement extensible au grammage moyen Maille fine Mod\u00e8le qui se porte d\u00e9contract\u00e9&hellip;<\/p>\n","protected":false},"featured_media":4938,"template":"","meta":[],"product_brand":[],"product_cat":[15],"product_tag":[],"class_list":{"0":"post-4937","1":"product","2":"type-product","3":"status-publish","4":"has-post-thumbnail","6":"product_cat-non-classe","7":"pa_marque-essentiel","9":"first","10":"instock","11":"shipping-taxable","12":"purchasable","13":"product-type-variable"},"jetpack_sharing_enabled":true,"_links":{"self":[{"href":"https:\/\/ideal-shopping.fr\/index.php?rest_route=\/wp\/v2\/product\/4937","targetHints":{"allow":["GET"]}}],"collection":[{"href":"https:\/\/ideal-shopping.fr\/index.php?rest_route=\/wp\/v2\/product"}],"about":[{"href":"https:\/\/ideal-shopping.fr\/index.php?rest_route=\/wp\/v2\/types\/product"}],"wp:featuredmedia":[{"embeddable":true,"href":"https:\/\/ideal-shopping.fr\/index.php?rest_route=\/wp\/v2\/media\/4938"}],"wp:attachment":[{"href":"https:\/\/ideal-shopping.fr\/index.php?rest_route=%2Fwp%2Fv2%2Fmedia&parent=4937"}],"wp:term":[{"taxonomy":"product_brand","embeddable":true,"href":"https:\/\/ideal-shopping.fr\/index.php?rest_route=%2Fwp%2Fv2%2Fproduct_brand&post=4937"},{"taxonomy":"product_cat","embeddable":true,"href":"https:\/\/ideal-shopping.fr\/index.php?rest_route=%2Fwp%2Fv2%2Fproduct_cat&post=4937"},{"taxonomy":"product_tag","embeddable":true,"href":"https:\/\/ideal-shopping.fr\/index.php?rest_route=%2Fwp%2Fv2%2Fproduct_tag&post=4937"}],"curies":[{"name":"wp","href":"https:\/\/api.w.org\/{rel}","templated":true}]}}