{"id":4934,"date":"2026-02-19T15:07:19","date_gmt":"2026-02-19T14:07:19","guid":{"rendered":"https:\/\/ideal-shopping.fr\/?post_type=product&#038;p=4934"},"modified":"2026-02-19T15:07:19","modified_gmt":"2026-02-19T14:07:19","slug":"pantalon-en-soie-melangee-a-imprime-fleuri-violet-rouge-et-multicolore","status":"publish","type":"product","link":"https:\/\/ideal-shopping.fr\/?product=pantalon-en-soie-melangee-a-imprime-fleuri-violet-rouge-et-multicolore","title":{"rendered":"Pantalon en soie m\u00e9lang\u00e9e \u00e0 imprim\u00e9 fleuri violet, rouge et multicolore"},"content":{"rendered":"<p>R\u00e9alis\u00e9 en soie m\u00e9lang\u00e9e, ce pantalon \u00e0 imprim\u00e9 fleuri pr\u00e9sente des coutures lat\u00e9rales incurv\u00e9es soulignant les larges jambes fluides. Il est dot\u00e9 de deux poches passepoil\u00e9es \u00e0 l&rsquo;arri\u00e8re, de poches italiennes \u00e0 l&rsquo;avant, de passants de ceinture et d&rsquo;une fermeture zip et bouton.<\/p>\n<p>&nbsp;<\/p>\n<ul>\n<li>M\u00e9lange de soie<\/li>\n<li>Tissu non extensible au grammage moyen<\/li>\n<li>Mod\u00e8le qui se porte d\u00e9contract\u00e9<\/li>\n<li>Taille haute<\/li>\n<li>Jambe large<\/li>\n<li>Poches italiennes<\/li>\n<li>Poches passepoil\u00e9es \u00e0 l&rsquo;arri\u00e8re<\/li>\n<li>Passants de ceinture<\/li>\n<li>Coutures lat\u00e9rales incurv\u00e9es<\/li>\n<li>Violet\/Rouge\/Multicolore<\/li>\n<li>60% Viscose<br \/>\n40% Soie<\/li>\n<\/ul>\n","protected":false},"excerpt":{"rendered":"<p>R\u00e9alis\u00e9 en soie m\u00e9lang\u00e9e, ce pantalon \u00e0 imprim\u00e9 fleuri pr\u00e9sente des coutures lat\u00e9rales incurv\u00e9es soulignant les larges jambes fluides. Il est dot\u00e9 de deux poches passepoil\u00e9es \u00e0 l&rsquo;arri\u00e8re, de poches italiennes \u00e0 l&rsquo;avant, de passants de ceinture et d&rsquo;une fermeture zip et bouton. &nbsp; M\u00e9lange de soie Tissu non extensible au grammage moyen Mod\u00e8le qui&hellip;<\/p>\n","protected":false},"featured_media":4928,"template":"","meta":[],"product_brand":[],"product_cat":[15],"product_tag":[],"class_list":{"0":"post-4934","1":"product","2":"type-product","3":"status-publish","4":"has-post-thumbnail","6":"product_cat-non-classe","7":"pa_marque-essentiel","9":"first","10":"instock","11":"shipping-taxable","12":"purchasable","13":"product-type-variable"},"jetpack_sharing_enabled":true,"_links":{"self":[{"href":"https:\/\/ideal-shopping.fr\/index.php?rest_route=\/wp\/v2\/product\/4934","targetHints":{"allow":["GET"]}}],"collection":[{"href":"https:\/\/ideal-shopping.fr\/index.php?rest_route=\/wp\/v2\/product"}],"about":[{"href":"https:\/\/ideal-shopping.fr\/index.php?rest_route=\/wp\/v2\/types\/product"}],"wp:featuredmedia":[{"embeddable":true,"href":"https:\/\/ideal-shopping.fr\/index.php?rest_route=\/wp\/v2\/media\/4928"}],"wp:attachment":[{"href":"https:\/\/ideal-shopping.fr\/index.php?rest_route=%2Fwp%2Fv2%2Fmedia&parent=4934"}],"wp:term":[{"taxonomy":"product_brand","embeddable":true,"href":"https:\/\/ideal-shopping.fr\/index.php?rest_route=%2Fwp%2Fv2%2Fproduct_brand&post=4934"},{"taxonomy":"product_cat","embeddable":true,"href":"https:\/\/ideal-shopping.fr\/index.php?rest_route=%2Fwp%2Fv2%2Fproduct_cat&post=4934"},{"taxonomy":"product_tag","embeddable":true,"href":"https:\/\/ideal-shopping.fr\/index.php?rest_route=%2Fwp%2Fv2%2Fproduct_tag&post=4934"}],"curies":[{"name":"wp","href":"https:\/\/api.w.org\/{rel}","templated":true}]}}