{"id":4920,"date":"2026-02-19T14:39:46","date_gmt":"2026-02-19T13:39:46","guid":{"rendered":"https:\/\/ideal-shopping.fr\/?post_type=product&#038;p=4920"},"modified":"2026-02-19T14:42:20","modified_gmt":"2026-02-19T13:42:20","slug":"chemise-oversize-en-soie-melangee-a-imprime-fleuri-violette-rouge-et-multicolore","status":"publish","type":"product","link":"https:\/\/ideal-shopping.fr\/?product=chemise-oversize-en-soie-melangee-a-imprime-fleuri-violette-rouge-et-multicolore","title":{"rendered":"Chemise oversize en soie m\u00e9lang\u00e9e \u00e0 imprim\u00e9 fleuri violette, rouge et multicolore"},"content":{"rendered":"<p>Chemise \u00e0 imprim\u00e9 fleuri r\u00e9alis\u00e9e \u00e0 partir d&rsquo;un m\u00e9lange de soie fluide dans une silhouette intentionnellement oversize au drap\u00e9 naturel. Les larges manches 3\/4 renforcent son aspect d\u00e9contract\u00e9, tandis que la fermeture \u00e0 boutons ajoute un d\u00e9tail raffin\u00e9 et fonctionnel. Sa construction l\u00e9g\u00e8re assure une fluidit\u00e9 \u00e9l\u00e9gante et une grande facilit\u00e9 de mouvement.<\/p>\n<p>&nbsp;<\/p>\n<ul>\n<li>M\u00e9lange de soie<\/li>\n<li>Tissu non extensible au grammage l\u00e9ger<\/li>\n<li>Mod\u00e8le qui se porte oversize<\/li>\n<li>Fermeture par boutonnage<\/li>\n<li>Larges manches 3\/4<\/li>\n<li>Violet\/Rouge\/Multicolore<\/li>\n<li>60% Viscose 40% Soie<\/li>\n<\/ul>\n","protected":false},"excerpt":{"rendered":"<p>Chemise \u00e0 imprim\u00e9 fleuri r\u00e9alis\u00e9e \u00e0 partir d&rsquo;un m\u00e9lange de soie fluide dans une silhouette intentionnellement oversize au drap\u00e9 naturel. Les larges manches 3\/4 renforcent son aspect d\u00e9contract\u00e9, tandis que la fermeture \u00e0 boutons ajoute un d\u00e9tail raffin\u00e9 et fonctionnel. Sa construction l\u00e9g\u00e8re assure une fluidit\u00e9 \u00e9l\u00e9gante et une grande facilit\u00e9 de mouvement. &nbsp; M\u00e9lange&hellip;<\/p>\n","protected":false},"featured_media":4921,"template":"","meta":[],"product_brand":[],"product_cat":[15],"product_tag":[],"class_list":{"0":"post-4920","1":"product","2":"type-product","3":"status-publish","4":"has-post-thumbnail","6":"product_cat-non-classe","7":"pa_marque-essentiel","9":"first","10":"instock","11":"shipping-taxable","12":"purchasable","13":"product-type-simple"},"jetpack_sharing_enabled":true,"_links":{"self":[{"href":"https:\/\/ideal-shopping.fr\/index.php?rest_route=\/wp\/v2\/product\/4920","targetHints":{"allow":["GET"]}}],"collection":[{"href":"https:\/\/ideal-shopping.fr\/index.php?rest_route=\/wp\/v2\/product"}],"about":[{"href":"https:\/\/ideal-shopping.fr\/index.php?rest_route=\/wp\/v2\/types\/product"}],"wp:featuredmedia":[{"embeddable":true,"href":"https:\/\/ideal-shopping.fr\/index.php?rest_route=\/wp\/v2\/media\/4921"}],"wp:attachment":[{"href":"https:\/\/ideal-shopping.fr\/index.php?rest_route=%2Fwp%2Fv2%2Fmedia&parent=4920"}],"wp:term":[{"taxonomy":"product_brand","embeddable":true,"href":"https:\/\/ideal-shopping.fr\/index.php?rest_route=%2Fwp%2Fv2%2Fproduct_brand&post=4920"},{"taxonomy":"product_cat","embeddable":true,"href":"https:\/\/ideal-shopping.fr\/index.php?rest_route=%2Fwp%2Fv2%2Fproduct_cat&post=4920"},{"taxonomy":"product_tag","embeddable":true,"href":"https:\/\/ideal-shopping.fr\/index.php?rest_route=%2Fwp%2Fv2%2Fproduct_tag&post=4920"}],"curies":[{"name":"wp","href":"https:\/\/api.w.org\/{rel}","templated":true}]}}