{"id":4911,"date":"2026-02-17T12:05:15","date_gmt":"2026-02-17T11:05:15","guid":{"rendered":"https:\/\/ideal-shopping.fr\/?post_type=product&#038;p=4911"},"modified":"2026-02-17T12:05:15","modified_gmt":"2026-02-17T11:05:15","slug":"leone-sweet-storm-surchemise","status":"publish","type":"product","link":"https:\/\/ideal-shopping.fr\/?product=leone-sweet-storm-surchemise","title":{"rendered":"Leone Sweet Storm Surchemise"},"content":{"rendered":"<p>Surchemise \u00e0 manches ballon en drill souple de lyocell teint en plong\u00e9e tiss\u00e9 en Espagne.<\/p>\n<p>Ce produit est compos\u00e9 de TENCEL\u2122 Lyocell, fibres issues de sources de bois renouvelables labellis\u00e9es g\u00e9r\u00e9es durablement et utilisant un proc\u00e9d\u00e9 limitant la pollution et les rejets toxiques. TENCEL\u2122 est une marque d\u00e9pos\u00e9e de Lenzing AG.<\/p>\n<div class=\"free_desc\">\n<p>Fermeture boutonn\u00e9e devant dont un bouton bijou au pied de col.<br \/>\nManches 3\/4.<br \/>\nPoches plaqu\u00e9es devant.<br \/>\nSurpiq\u00fbres contrast\u00e9es.<br \/>\nD\u00e9tails d&#8217;empi\u00e8cements surpiqu\u00e9s devant, dos et bas de manches.<br \/>\nD\u00e9tails de plis en bas de manches.<\/p>\n<\/div>\n<p class=\"composition\">100% Lyocell<\/p>\n","protected":false},"excerpt":{"rendered":"<p>Surchemise \u00e0 manches ballon en drill souple de lyocell teint en plong\u00e9e tiss\u00e9 en Espagne. Ce produit est compos\u00e9 de TENCEL\u2122 Lyocell, fibres issues de sources de bois renouvelables labellis\u00e9es g\u00e9r\u00e9es durablement et utilisant un proc\u00e9d\u00e9 limitant la pollution et les rejets toxiques. TENCEL\u2122 est une marque d\u00e9pos\u00e9e de Lenzing AG. Fermeture boutonn\u00e9e devant dont&hellip;<\/p>\n","protected":false},"featured_media":4913,"template":"","meta":[],"product_brand":[],"product_cat":[15],"product_tag":[],"class_list":{"0":"post-4911","1":"product","2":"type-product","3":"status-publish","4":"has-post-thumbnail","6":"product_cat-non-classe","7":"pa_marque-sessun","9":"first","10":"instock","11":"shipping-taxable","12":"purchasable","13":"product-type-variable"},"jetpack_sharing_enabled":true,"_links":{"self":[{"href":"https:\/\/ideal-shopping.fr\/index.php?rest_route=\/wp\/v2\/product\/4911","targetHints":{"allow":["GET"]}}],"collection":[{"href":"https:\/\/ideal-shopping.fr\/index.php?rest_route=\/wp\/v2\/product"}],"about":[{"href":"https:\/\/ideal-shopping.fr\/index.php?rest_route=\/wp\/v2\/types\/product"}],"wp:featuredmedia":[{"embeddable":true,"href":"https:\/\/ideal-shopping.fr\/index.php?rest_route=\/wp\/v2\/media\/4913"}],"wp:attachment":[{"href":"https:\/\/ideal-shopping.fr\/index.php?rest_route=%2Fwp%2Fv2%2Fmedia&parent=4911"}],"wp:term":[{"taxonomy":"product_brand","embeddable":true,"href":"https:\/\/ideal-shopping.fr\/index.php?rest_route=%2Fwp%2Fv2%2Fproduct_brand&post=4911"},{"taxonomy":"product_cat","embeddable":true,"href":"https:\/\/ideal-shopping.fr\/index.php?rest_route=%2Fwp%2Fv2%2Fproduct_cat&post=4911"},{"taxonomy":"product_tag","embeddable":true,"href":"https:\/\/ideal-shopping.fr\/index.php?rest_route=%2Fwp%2Fv2%2Fproduct_tag&post=4911"}],"curies":[{"name":"wp","href":"https:\/\/api.w.org\/{rel}","templated":true}]}}