{"id":4905,"date":"2026-02-17T11:55:31","date_gmt":"2026-02-17T10:55:31","guid":{"rendered":"https:\/\/ideal-shopping.fr\/?post_type=product&#038;p=4905"},"modified":"2026-02-17T11:55:31","modified_gmt":"2026-02-17T10:55:31","slug":"a-wiew-blouse","status":"publish","type":"product","link":"https:\/\/ideal-shopping.fr\/?product=a-wiew-blouse","title":{"rendered":"A WIEW blouse"},"content":{"rendered":"<p>Blouse fronc\u00e9e \u00e0 col rond et manches ballon 3\/4, en percale de viscose et coton \u00e0 rayures dobby, exclusives Sess\u00f9n, tiss\u00e9e en Italie.<\/p>\n<div class=\"free_desc\">\n<p>Fermeture boutonn\u00e9e devant dont un bouton bijou au pied de col.<br \/>\nManches 3\/4 ballon \u00e0 d\u00e9tails de fronces aux \u00e9paules et poignets.<br \/>\nEmpi\u00e8cements devant et dos avec d\u00e9tails de fronces.<\/p>\n<\/div>\n<p class=\"composition\">60% Viscose 40% Coton<\/p>\n","protected":false},"excerpt":{"rendered":"<p>Blouse fronc\u00e9e \u00e0 col rond et manches ballon 3\/4, en percale de viscose et coton \u00e0 rayures dobby, exclusives Sess\u00f9n, tiss\u00e9e en Italie. Fermeture boutonn\u00e9e devant dont un bouton bijou au pied de col. Manches 3\/4 ballon \u00e0 d\u00e9tails de fronces aux \u00e9paules et poignets. Empi\u00e8cements devant et dos avec d\u00e9tails de fronces. 60% Viscose&hellip;<\/p>\n","protected":false},"featured_media":4907,"template":"","meta":[],"product_brand":[],"product_cat":[15],"product_tag":[],"class_list":{"0":"post-4905","1":"product","2":"type-product","3":"status-publish","4":"has-post-thumbnail","6":"product_cat-non-classe","7":"pa_marque-sessun","9":"first","10":"instock","11":"shipping-taxable","12":"purchasable","13":"product-type-variable"},"jetpack_sharing_enabled":true,"_links":{"self":[{"href":"https:\/\/ideal-shopping.fr\/index.php?rest_route=\/wp\/v2\/product\/4905","targetHints":{"allow":["GET"]}}],"collection":[{"href":"https:\/\/ideal-shopping.fr\/index.php?rest_route=\/wp\/v2\/product"}],"about":[{"href":"https:\/\/ideal-shopping.fr\/index.php?rest_route=\/wp\/v2\/types\/product"}],"wp:featuredmedia":[{"embeddable":true,"href":"https:\/\/ideal-shopping.fr\/index.php?rest_route=\/wp\/v2\/media\/4907"}],"wp:attachment":[{"href":"https:\/\/ideal-shopping.fr\/index.php?rest_route=%2Fwp%2Fv2%2Fmedia&parent=4905"}],"wp:term":[{"taxonomy":"product_brand","embeddable":true,"href":"https:\/\/ideal-shopping.fr\/index.php?rest_route=%2Fwp%2Fv2%2Fproduct_brand&post=4905"},{"taxonomy":"product_cat","embeddable":true,"href":"https:\/\/ideal-shopping.fr\/index.php?rest_route=%2Fwp%2Fv2%2Fproduct_cat&post=4905"},{"taxonomy":"product_tag","embeddable":true,"href":"https:\/\/ideal-shopping.fr\/index.php?rest_route=%2Fwp%2Fv2%2Fproduct_tag&post=4905"}],"curies":[{"name":"wp","href":"https:\/\/api.w.org\/{rel}","templated":true}]}}