{"id":4898,"date":"2026-02-13T11:12:34","date_gmt":"2026-02-13T10:12:34","guid":{"rendered":"https:\/\/ideal-shopping.fr\/?post_type=product&#038;p=4898"},"modified":"2026-02-13T11:25:08","modified_gmt":"2026-02-13T10:25:08","slug":"veste-mmeyla-arge","status":"publish","type":"product","link":"https:\/\/ideal-shopping.fr\/?product=veste-mmeyla-arge","title":{"rendered":"Veste MMEyla Arge"},"content":{"rendered":"<p>Cette veste d&rsquo;inspiration denim revisite avec \u00e9l\u00e9gance le style d\u00e9contract\u00e9. Sa coupe ample, son col classique et sa fermeture boutonn\u00e9e lui conf\u00e8rent des lignes \u00e9pur\u00e9es et des surpiq\u00fbres discr\u00e8tes pour une allure r\u00e9solument moderne. Parfaite \u00e0 superposer sur des robes, des pulls ou des pantalons tailleur pour une polyvalence sans effort.<\/p>\n<p class=\"mb-0 ml-2\">59% TENCEL\u2122 Lyocell<\/p>\n<p class=\"mb-0 ml-2\">28% Cotton<\/p>\n<p class=\"mb-0 ml-2\">13% Linen<\/p>\n","protected":false},"excerpt":{"rendered":"<p>Cette veste d&rsquo;inspiration denim revisite avec \u00e9l\u00e9gance le style d\u00e9contract\u00e9. Sa coupe ample, son col classique et sa fermeture boutonn\u00e9e lui conf\u00e8rent des lignes \u00e9pur\u00e9es et des surpiq\u00fbres discr\u00e8tes pour une allure r\u00e9solument moderne. Parfaite \u00e0 superposer sur des robes, des pulls ou des pantalons tailleur pour une polyvalence sans effort. 59% TENCEL\u2122 Lyocell 28%&hellip;<\/p>\n","protected":false},"featured_media":4903,"template":"","meta":[],"product_brand":[],"product_cat":[15],"product_tag":[],"class_list":{"0":"post-4898","1":"product","2":"type-product","3":"status-publish","4":"has-post-thumbnail","6":"product_cat-non-classe","7":"pa_marque-mosmosh","9":"first","10":"instock","11":"shipping-taxable","12":"product-type-variable"},"jetpack_sharing_enabled":true,"_links":{"self":[{"href":"https:\/\/ideal-shopping.fr\/index.php?rest_route=\/wp\/v2\/product\/4898","targetHints":{"allow":["GET"]}}],"collection":[{"href":"https:\/\/ideal-shopping.fr\/index.php?rest_route=\/wp\/v2\/product"}],"about":[{"href":"https:\/\/ideal-shopping.fr\/index.php?rest_route=\/wp\/v2\/types\/product"}],"wp:featuredmedia":[{"embeddable":true,"href":"https:\/\/ideal-shopping.fr\/index.php?rest_route=\/wp\/v2\/media\/4903"}],"wp:attachment":[{"href":"https:\/\/ideal-shopping.fr\/index.php?rest_route=%2Fwp%2Fv2%2Fmedia&parent=4898"}],"wp:term":[{"taxonomy":"product_brand","embeddable":true,"href":"https:\/\/ideal-shopping.fr\/index.php?rest_route=%2Fwp%2Fv2%2Fproduct_brand&post=4898"},{"taxonomy":"product_cat","embeddable":true,"href":"https:\/\/ideal-shopping.fr\/index.php?rest_route=%2Fwp%2Fv2%2Fproduct_cat&post=4898"},{"taxonomy":"product_tag","embeddable":true,"href":"https:\/\/ideal-shopping.fr\/index.php?rest_route=%2Fwp%2Fv2%2Fproduct_tag&post=4898"}],"curies":[{"name":"wp","href":"https:\/\/api.w.org\/{rel}","templated":true}]}}