{"id":4720,"date":"2025-10-01T17:14:20","date_gmt":"2025-10-01T15:14:20","guid":{"rendered":"https:\/\/ideal-shopping.fr\/?post_type=product&#038;p=4720"},"modified":"2026-01-07T11:34:46","modified_gmt":"2026-01-07T10:34:46","slug":"pantalon-pomeoto-diega","status":"publish","type":"product","link":"https:\/\/ideal-shopping.fr\/?product=pantalon-pomeoto-diega","title":{"rendered":"PANTALON POMEOTO Diega"},"content":{"rendered":"<p>Pantalon aux jambes \u00e9vas\u00e9es, poches lat\u00e9rales et une taille boutonn\u00e9e<\/p>\n<p>96% Coton 4% Polyester<\/p>\n","protected":false},"excerpt":{"rendered":"<p>Pantalon aux jambes \u00e9vas\u00e9es, poches lat\u00e9rales et une taille boutonn\u00e9e 96% Coton 4% Polyester<\/p>\n","protected":false},"featured_media":4722,"template":"","meta":[],"product_brand":[],"product_cat":[15],"product_tag":[],"class_list":{"0":"post-4720","1":"product","2":"type-product","3":"status-publish","4":"has-post-thumbnail","6":"product_cat-non-classe","7":"pa_marque-diega","9":"first","10":"instock","11":"sale","12":"shipping-taxable","13":"purchasable","14":"product-type-variable"},"jetpack_sharing_enabled":true,"_links":{"self":[{"href":"https:\/\/ideal-shopping.fr\/index.php?rest_route=\/wp\/v2\/product\/4720","targetHints":{"allow":["GET"]}}],"collection":[{"href":"https:\/\/ideal-shopping.fr\/index.php?rest_route=\/wp\/v2\/product"}],"about":[{"href":"https:\/\/ideal-shopping.fr\/index.php?rest_route=\/wp\/v2\/types\/product"}],"wp:featuredmedia":[{"embeddable":true,"href":"https:\/\/ideal-shopping.fr\/index.php?rest_route=\/wp\/v2\/media\/4722"}],"wp:attachment":[{"href":"https:\/\/ideal-shopping.fr\/index.php?rest_route=%2Fwp%2Fv2%2Fmedia&parent=4720"}],"wp:term":[{"taxonomy":"product_brand","embeddable":true,"href":"https:\/\/ideal-shopping.fr\/index.php?rest_route=%2Fwp%2Fv2%2Fproduct_brand&post=4720"},{"taxonomy":"product_cat","embeddable":true,"href":"https:\/\/ideal-shopping.fr\/index.php?rest_route=%2Fwp%2Fv2%2Fproduct_cat&post=4720"},{"taxonomy":"product_tag","embeddable":true,"href":"https:\/\/ideal-shopping.fr\/index.php?rest_route=%2Fwp%2Fv2%2Fproduct_tag&post=4720"}],"curies":[{"name":"wp","href":"https:\/\/api.w.org\/{rel}","templated":true}]}}