{"id":4672,"date":"2025-09-19T11:51:07","date_gmt":"2025-09-19T09:51:07","guid":{"rendered":"https:\/\/ideal-shopping.fr\/?post_type=product&#038;p=4672"},"modified":"2025-09-19T11:51:25","modified_gmt":"2025-09-19T09:51:25","slug":"jean-skinny-avec-revers-liu-jo","status":"publish","type":"product","link":"https:\/\/ideal-shopping.fr\/?product=jean-skinny-avec-revers-liu-jo","title":{"rendered":"Jean skinny avec revers LIU JO"},"content":{"rendered":"<p>N\u00b0 de l\u2019article UF5073DS01578349<\/p>\n<ul>\n<li>Jean cropped bottom up en toile denim de coton stretch<\/li>\n<li>D\u00e9lavage effet us\u00e9<\/li>\n<li>Taille r\u00e9guli\u00e8re<\/li>\n<li>Jambe skinny<\/li>\n<li>Mod\u00e8le cinq poches<\/li>\n<li>Empi\u00e8cement \u00e9lastique \u00e0 la taille dans le dos<\/li>\n<li>Logo en m\u00e9tal dans le dos<\/li>\n<li>Revers bas de jambe<\/li>\n<li>Fermeture par bouton et zip sous patte<\/li>\n<li>Article \u00ab\u00a0Liu Jo Better\u00a0\u00bb<\/li>\n<\/ul>\n","protected":false},"excerpt":{"rendered":"<p>N\u00b0 de l\u2019article UF5073DS01578349 Jean cropped bottom up en toile denim de coton stretch D\u00e9lavage effet us\u00e9 Taille r\u00e9guli\u00e8re Jambe skinny Mod\u00e8le cinq poches Empi\u00e8cement \u00e9lastique \u00e0 la taille dans le dos Logo en m\u00e9tal dans le dos Revers bas de jambe Fermeture par bouton et zip sous patte Article \u00ab\u00a0Liu Jo Better\u00a0\u00bb<\/p>\n","protected":false},"featured_media":4674,"template":"","meta":[],"product_brand":[],"product_cat":[15],"product_tag":[],"class_list":{"0":"post-4672","1":"product","2":"type-product","3":"status-publish","4":"has-post-thumbnail","6":"product_cat-non-classe","7":"pa_marque-liu-jo","9":"first","10":"instock","11":"shipping-taxable","12":"purchasable","13":"product-type-variable"},"jetpack_sharing_enabled":true,"_links":{"self":[{"href":"https:\/\/ideal-shopping.fr\/index.php?rest_route=\/wp\/v2\/product\/4672","targetHints":{"allow":["GET"]}}],"collection":[{"href":"https:\/\/ideal-shopping.fr\/index.php?rest_route=\/wp\/v2\/product"}],"about":[{"href":"https:\/\/ideal-shopping.fr\/index.php?rest_route=\/wp\/v2\/types\/product"}],"wp:featuredmedia":[{"embeddable":true,"href":"https:\/\/ideal-shopping.fr\/index.php?rest_route=\/wp\/v2\/media\/4674"}],"wp:attachment":[{"href":"https:\/\/ideal-shopping.fr\/index.php?rest_route=%2Fwp%2Fv2%2Fmedia&parent=4672"}],"wp:term":[{"taxonomy":"product_brand","embeddable":true,"href":"https:\/\/ideal-shopping.fr\/index.php?rest_route=%2Fwp%2Fv2%2Fproduct_brand&post=4672"},{"taxonomy":"product_cat","embeddable":true,"href":"https:\/\/ideal-shopping.fr\/index.php?rest_route=%2Fwp%2Fv2%2Fproduct_cat&post=4672"},{"taxonomy":"product_tag","embeddable":true,"href":"https:\/\/ideal-shopping.fr\/index.php?rest_route=%2Fwp%2Fv2%2Fproduct_tag&post=4672"}],"curies":[{"name":"wp","href":"https:\/\/api.w.org\/{rel}","templated":true}]}}