{"id":4669,"date":"2025-09-19T11:37:08","date_gmt":"2025-09-19T09:37:08","guid":{"rendered":"https:\/\/ideal-shopping.fr\/?post_type=product&#038;p=4669"},"modified":"2025-09-19T11:37:08","modified_gmt":"2025-09-19T09:37:08","slug":"4669","status":"publish","type":"product","link":"https:\/\/ideal-shopping.fr\/?product=4669","title":{"rendered":""},"content":{"rendered":"<ul>\n<li>Jean cropped en toile denim de coton stretch<\/li>\n<li>Coupes bottom up qui red\u00e9finissent les formes avec \u00e9l\u00e9gance, apportant harmonie et maintien sans devoir renoncer au confort<\/li>\n<li>Taille haute<\/li>\n<li>Jambe skinny<\/li>\n<li>Mod\u00e8le cinq poches<\/li>\n<li>Jacron logot\u00e9<\/li>\n<li>Logo en m\u00e9tal<\/li>\n<li>Fermeture par bouton et zip sous patte<\/li>\n<li>Longueur de jambe\u00a0: 71\u00a0cm<\/li>\n<li>Largeur bas de jambe\u00a0: 15\u00a0cm<\/li>\n<\/ul>\n<p>&nbsp;<\/p>\n<p>Composition :<br \/>\nTissu externe: 76% Coton, 22% Polyester, 2% Elasthanne| Doublure: 65% Polyester, 35% Coton<\/p>\n","protected":false},"excerpt":{"rendered":"<p>Jean cropped en toile denim de coton stretch Coupes bottom up qui red\u00e9finissent les formes avec \u00e9l\u00e9gance, apportant harmonie et maintien sans devoir renoncer au confort Taille haute Jambe skinny Mod\u00e8le cinq poches Jacron logot\u00e9 Logo en m\u00e9tal Fermeture par bouton et zip sous patte Longueur de jambe\u00a0: 71\u00a0cm Largeur bas de jambe\u00a0: 15\u00a0cm &nbsp;&hellip;<\/p>\n","protected":false},"featured_media":4662,"template":"","meta":[],"product_brand":[],"product_cat":[15],"product_tag":[],"class_list":{"0":"post-4669","1":"product","2":"type-product","3":"status-publish","4":"has-post-thumbnail","6":"product_cat-non-classe","7":"pa_marque-liu-jo","9":"first","10":"instock","11":"shipping-taxable","12":"purchasable","13":"product-type-variable"},"jetpack_sharing_enabled":true,"_links":{"self":[{"href":"https:\/\/ideal-shopping.fr\/index.php?rest_route=\/wp\/v2\/product\/4669","targetHints":{"allow":["GET"]}}],"collection":[{"href":"https:\/\/ideal-shopping.fr\/index.php?rest_route=\/wp\/v2\/product"}],"about":[{"href":"https:\/\/ideal-shopping.fr\/index.php?rest_route=\/wp\/v2\/types\/product"}],"wp:featuredmedia":[{"embeddable":true,"href":"https:\/\/ideal-shopping.fr\/index.php?rest_route=\/wp\/v2\/media\/4662"}],"wp:attachment":[{"href":"https:\/\/ideal-shopping.fr\/index.php?rest_route=%2Fwp%2Fv2%2Fmedia&parent=4669"}],"wp:term":[{"taxonomy":"product_brand","embeddable":true,"href":"https:\/\/ideal-shopping.fr\/index.php?rest_route=%2Fwp%2Fv2%2Fproduct_brand&post=4669"},{"taxonomy":"product_cat","embeddable":true,"href":"https:\/\/ideal-shopping.fr\/index.php?rest_route=%2Fwp%2Fv2%2Fproduct_cat&post=4669"},{"taxonomy":"product_tag","embeddable":true,"href":"https:\/\/ideal-shopping.fr\/index.php?rest_route=%2Fwp%2Fv2%2Fproduct_tag&post=4669"}],"curies":[{"name":"wp","href":"https:\/\/api.w.org\/{rel}","templated":true}]}}