{"id":4645,"date":"2025-09-19T10:56:15","date_gmt":"2025-09-19T08:56:15","guid":{"rendered":"https:\/\/ideal-shopping.fr\/?post_type=product&#038;p=4645"},"modified":"2026-01-07T11:39:41","modified_gmt":"2026-01-07T10:39:41","slug":"manteau-en-maille-bouclette-liu-jo","status":"publish","type":"product","link":"https:\/\/ideal-shopping.fr\/?product=manteau-en-maille-bouclette-liu-jo","title":{"rendered":"Manteau en maille bouclette LIU.JO"},"content":{"rendered":"<ul>\n<li>Manteau beige en maille<\/li>\n<li>Ex\u00e9cution en bouclette<\/li>\n<li>Laine m\u00e9lang\u00e9e<\/li>\n<li>Col avec boucles r\u00e9glables<\/li>\n<li>Poches pratiques<\/li>\n<li>Int\u00e9rieur doubl\u00e9<\/li>\n<\/ul>\n","protected":false},"excerpt":{"rendered":"<p>Manteau beige en maille Ex\u00e9cution en bouclette Laine m\u00e9lang\u00e9e Col avec boucles r\u00e9glables Poches pratiques Int\u00e9rieur doubl\u00e9<\/p>\n","protected":false},"featured_media":4653,"template":"","meta":[],"product_brand":[],"product_cat":[15],"product_tag":[],"class_list":{"0":"post-4645","1":"product","2":"type-product","3":"status-publish","4":"has-post-thumbnail","6":"product_cat-non-classe","7":"pa_marque-liu-jo","9":"first","10":"instock","11":"sale","12":"shipping-taxable","13":"purchasable","14":"product-type-variable"},"jetpack_sharing_enabled":true,"_links":{"self":[{"href":"https:\/\/ideal-shopping.fr\/index.php?rest_route=\/wp\/v2\/product\/4645","targetHints":{"allow":["GET"]}}],"collection":[{"href":"https:\/\/ideal-shopping.fr\/index.php?rest_route=\/wp\/v2\/product"}],"about":[{"href":"https:\/\/ideal-shopping.fr\/index.php?rest_route=\/wp\/v2\/types\/product"}],"wp:featuredmedia":[{"embeddable":true,"href":"https:\/\/ideal-shopping.fr\/index.php?rest_route=\/wp\/v2\/media\/4653"}],"wp:attachment":[{"href":"https:\/\/ideal-shopping.fr\/index.php?rest_route=%2Fwp%2Fv2%2Fmedia&parent=4645"}],"wp:term":[{"taxonomy":"product_brand","embeddable":true,"href":"https:\/\/ideal-shopping.fr\/index.php?rest_route=%2Fwp%2Fv2%2Fproduct_brand&post=4645"},{"taxonomy":"product_cat","embeddable":true,"href":"https:\/\/ideal-shopping.fr\/index.php?rest_route=%2Fwp%2Fv2%2Fproduct_cat&post=4645"},{"taxonomy":"product_tag","embeddable":true,"href":"https:\/\/ideal-shopping.fr\/index.php?rest_route=%2Fwp%2Fv2%2Fproduct_tag&post=4645"}],"curies":[{"name":"wp","href":"https:\/\/api.w.org\/{rel}","templated":true}]}}