{"id":4635,"date":"2025-09-18T18:19:04","date_gmt":"2025-09-18T16:19:04","guid":{"rendered":"https:\/\/ideal-shopping.fr\/?post_type=product&#038;p=4635"},"modified":"2025-10-31T16:15:39","modified_gmt":"2025-10-31T15:15:39","slug":"blazer-miley-de-mmphoebe","status":"publish","type":"product","link":"https:\/\/ideal-shopping.fr\/?product=blazer-miley-de-mmphoebe","title":{"rendered":"Blazer Miley de MMPhoebe"},"content":{"rendered":"<p>Sublimez votre style avec ce superbe blazer ajust\u00e9, dot\u00e9 d&rsquo;une coupe ajust\u00e9e, de revers \u00e9troits, d&rsquo;une fermeture \u00e0 un bouton et d&rsquo;un ourlet arrondi. Son toucher doux en fait le partenaire id\u00e9al pour les longues journ\u00e9es de travail, tandis qu&rsquo;avec un jean, il cr\u00e9e un look d\u00e9contract\u00e9 et moderne.<\/p>\n<p><span dir=\"auto\">100% polyester<\/span><\/p>\n<ul class=\"space-y-2\">\n<li class=\"flex\">\n<div class=\"text-brand-700 w-5 h-5 mr-2.5\">Ne pas laver<\/div>\n<\/li>\n<\/ul>\n<ul class=\"space-y-2 mt-5\">\n<li class=\"flex\"><span dir=\"auto\">Nettoyage \u00e0 sec uniquement<\/span><\/li>\n<li class=\"flex\"><span dir=\"auto\">Repassage en forme<\/span><\/li>\n<li class=\"flex\"><span dir=\"auto\">Laver \u00e0 l&rsquo;envers avec des couleurs similaires<\/span><\/li>\n<li class=\"flex\"><span dir=\"auto\">Si cela fait partie d&rsquo;un costume, veuillez nettoyer \u00e0 sec pour l&rsquo;entretenir<\/span><\/li>\n<\/ul>\n","protected":false},"excerpt":{"rendered":"<p>Sublimez votre style avec ce superbe blazer ajust\u00e9, dot\u00e9 d&rsquo;une coupe ajust\u00e9e, de revers \u00e9troits, d&rsquo;une fermeture \u00e0 un bouton et d&rsquo;un ourlet arrondi. Son toucher doux en fait le partenaire id\u00e9al pour les longues journ\u00e9es de travail, tandis qu&rsquo;avec un jean, il cr\u00e9e un look d\u00e9contract\u00e9 et moderne. 100% polyester Ne pas laver Nettoyage&hellip;<\/p>\n","protected":false},"featured_media":4630,"template":"","meta":[],"product_brand":[],"product_cat":[15],"product_tag":[],"class_list":{"0":"post-4635","1":"product","2":"type-product","3":"status-publish","4":"has-post-thumbnail","6":"product_cat-non-classe","7":"pa_marque-mosmosh","9":"first","10":"instock","11":"shipping-taxable","12":"purchasable","13":"product-type-variable"},"jetpack_sharing_enabled":true,"_links":{"self":[{"href":"https:\/\/ideal-shopping.fr\/index.php?rest_route=\/wp\/v2\/product\/4635","targetHints":{"allow":["GET"]}}],"collection":[{"href":"https:\/\/ideal-shopping.fr\/index.php?rest_route=\/wp\/v2\/product"}],"about":[{"href":"https:\/\/ideal-shopping.fr\/index.php?rest_route=\/wp\/v2\/types\/product"}],"wp:featuredmedia":[{"embeddable":true,"href":"https:\/\/ideal-shopping.fr\/index.php?rest_route=\/wp\/v2\/media\/4630"}],"wp:attachment":[{"href":"https:\/\/ideal-shopping.fr\/index.php?rest_route=%2Fwp%2Fv2%2Fmedia&parent=4635"}],"wp:term":[{"taxonomy":"product_brand","embeddable":true,"href":"https:\/\/ideal-shopping.fr\/index.php?rest_route=%2Fwp%2Fv2%2Fproduct_brand&post=4635"},{"taxonomy":"product_cat","embeddable":true,"href":"https:\/\/ideal-shopping.fr\/index.php?rest_route=%2Fwp%2Fv2%2Fproduct_cat&post=4635"},{"taxonomy":"product_tag","embeddable":true,"href":"https:\/\/ideal-shopping.fr\/index.php?rest_route=%2Fwp%2Fv2%2Fproduct_tag&post=4635"}],"curies":[{"name":"wp","href":"https:\/\/api.w.org\/{rel}","templated":true}]}}