{"id":4628,"date":"2025-09-18T18:10:09","date_gmt":"2025-09-18T16:10:09","guid":{"rendered":"https:\/\/ideal-shopping.fr\/?post_type=product&#038;p=4628"},"modified":"2025-09-18T18:21:06","modified_gmt":"2025-09-18T16:21:06","slug":"pantalon-mmleya-miley","status":"publish","type":"product","link":"https:\/\/ideal-shopping.fr\/?product=pantalon-mmleya-miley","title":{"rendered":"Pantalon MMLeya Miley"},"content":{"rendered":"<p>Dot\u00e9 d&rsquo;une taille mi-haute et d&rsquo;une coupe droite, ce pantalon ajust\u00e9 est un atout indispensable \u00e0 toute garde-robe classique. Dot\u00e9 de plis marqu\u00e9s et d&rsquo;une fermeture \u00e9clair dissimul\u00e9e, il d\u00e9gage une sophistication intemporelle. Glissez-le dans un chemisier f\u00e9minin et compl\u00e9tez votre look avec un blazer assorti pour une \u00e9l\u00e9gance naturelle.<\/p>\n<p><button class=\"collapsible__trigger h4 py-5 font-cormorant tracking-heading\" type=\"button\" aria-expanded=\"true\" aria-controls=\"tab-certificates\"><span dir=\"auto\">D\u00e9tails<\/span><\/button><\/p>\n<div id=\"tab-certificates\" class=\"collapsible__content border-b border-brand-700\/10\" aria-label=\"D\u00e9tails\" aria-hidden=\"false\" data-content=\"\">\n<div class=\"overflow-hidden text-brand-500 text-sm\">\n<div class=\"rte pb-5\">\n<p><span dir=\"auto\">100% polyester<\/span><\/p>\n<ul class=\"space-y-2\">\n<li class=\"flex\">\n<div class=\"text-brand-700 w-5 h-5 mr-2.5\"><\/div>\n<p><span dir=\"auto\">Lavage en machine \u00e0 froid et doux<\/span><\/li>\n<\/ul>\n<ul class=\"space-y-2 mt-5\">\n<li class=\"flex\"><span dir=\"auto\">Laver \u00e0 l&rsquo;envers avec des couleurs similaires<\/span><\/li>\n<li class=\"flex\"><span dir=\"auto\">Repassage en forme<\/span><\/li>\n<li class=\"flex\"><span dir=\"auto\">Si cela fait partie d&rsquo;un costume, veuillez nettoyer \u00e0 sec pour l&rsquo;entretenir<\/span><\/li>\n<\/ul>\n<\/div>\n<\/div>\n<\/div>\n","protected":false},"excerpt":{"rendered":"<p>Dot\u00e9 d&rsquo;une taille mi-haute et d&rsquo;une coupe droite, ce pantalon ajust\u00e9 est un atout indispensable \u00e0 toute garde-robe classique. Dot\u00e9 de plis marqu\u00e9s et d&rsquo;une fermeture \u00e9clair dissimul\u00e9e, il d\u00e9gage une sophistication intemporelle. Glissez-le dans un chemisier f\u00e9minin et compl\u00e9tez votre look avec un blazer assorti pour une \u00e9l\u00e9gance naturelle. D\u00e9tails 100% polyester Lavage en&hellip;<\/p>\n","protected":false},"featured_media":4634,"template":"","meta":[],"product_brand":[],"product_cat":[15],"product_tag":[],"class_list":{"0":"post-4628","1":"product","2":"type-product","3":"status-publish","4":"has-post-thumbnail","6":"product_cat-non-classe","7":"pa_marque-mosmosh","9":"first","10":"instock","11":"shipping-taxable","12":"purchasable","13":"product-type-variable"},"jetpack_sharing_enabled":true,"_links":{"self":[{"href":"https:\/\/ideal-shopping.fr\/index.php?rest_route=\/wp\/v2\/product\/4628","targetHints":{"allow":["GET"]}}],"collection":[{"href":"https:\/\/ideal-shopping.fr\/index.php?rest_route=\/wp\/v2\/product"}],"about":[{"href":"https:\/\/ideal-shopping.fr\/index.php?rest_route=\/wp\/v2\/types\/product"}],"wp:featuredmedia":[{"embeddable":true,"href":"https:\/\/ideal-shopping.fr\/index.php?rest_route=\/wp\/v2\/media\/4634"}],"wp:attachment":[{"href":"https:\/\/ideal-shopping.fr\/index.php?rest_route=%2Fwp%2Fv2%2Fmedia&parent=4628"}],"wp:term":[{"taxonomy":"product_brand","embeddable":true,"href":"https:\/\/ideal-shopping.fr\/index.php?rest_route=%2Fwp%2Fv2%2Fproduct_brand&post=4628"},{"taxonomy":"product_cat","embeddable":true,"href":"https:\/\/ideal-shopping.fr\/index.php?rest_route=%2Fwp%2Fv2%2Fproduct_cat&post=4628"},{"taxonomy":"product_tag","embeddable":true,"href":"https:\/\/ideal-shopping.fr\/index.php?rest_route=%2Fwp%2Fv2%2Fproduct_tag&post=4628"}],"curies":[{"name":"wp","href":"https:\/\/api.w.org\/{rel}","templated":true}]}}