{"id":4615,"date":"2025-09-18T17:48:54","date_gmt":"2025-09-18T15:48:54","guid":{"rendered":"https:\/\/ideal-shopping.fr\/?post_type=product&#038;p=4615"},"modified":"2026-01-14T14:07:57","modified_gmt":"2026-01-14T13:07:57","slug":"veste-3-4-mmisabella-ana","status":"publish","type":"product","link":"https:\/\/ideal-shopping.fr\/?product=veste-3-4-mmisabella-ana","title":{"rendered":"Veste 3\/4 MMIsabella Ana"},"content":{"rendered":"<p>Cette veste de grange polyvalente est une pi\u00e8ce de transition incontournable, alliant \u00e9l\u00e9ments classiques du v\u00eatement de travail et fonctionnalit\u00e9 contemporaine. Dot\u00e9e d&rsquo;un col en velours c\u00f4tel\u00e9 et d&rsquo;une doublure \u00e0 carreaux d&rsquo;inspiration traditionnelle, elle incarne une esth\u00e9tique champ\u00eatre raffin\u00e9e. Isol\u00e9e en ETHERMALOFT\u00ae, une technologie de pointe en fibres thermiques qui retient la chaleur, cette veste allie praticit\u00e9 et style d\u00e9contract\u00e9, avec des poches utilitaires pour une finition intemporelle<span dir=\"auto\">\u00a0coton<\/span><br \/>\n<span dir=\"auto\">\u00a0polyester<\/span><br \/>\ncoton<\/p>\n<ul class=\"space-y-2\">\n<li class=\"flex\">\n<div class=\"text-brand-700 w-5 h-5 mr-2.5\"><\/div>\n<p><span dir=\"auto\">Lavage en machine \u00e0 froid et doux<\/span><\/li>\n<\/ul>\n","protected":false},"excerpt":{"rendered":"<p>Cette veste de grange polyvalente est une pi\u00e8ce de transition incontournable, alliant \u00e9l\u00e9ments classiques du v\u00eatement de travail et fonctionnalit\u00e9 contemporaine. Dot\u00e9e d&rsquo;un col en velours c\u00f4tel\u00e9 et d&rsquo;une doublure \u00e0 carreaux d&rsquo;inspiration traditionnelle, elle incarne une esth\u00e9tique champ\u00eatre raffin\u00e9e. Isol\u00e9e en ETHERMALOFT\u00ae, une technologie de pointe en fibres thermiques qui retient la chaleur, cette&hellip;<\/p>\n","protected":false},"featured_media":4617,"template":"","meta":[],"product_brand":[],"product_cat":[15],"product_tag":[],"class_list":{"0":"post-4615","1":"product","2":"type-product","3":"status-publish","4":"has-post-thumbnail","6":"product_cat-non-classe","7":"pa_marque-mosmosh","9":"first","10":"instock","11":"shipping-taxable","12":"purchasable","13":"product-type-variable"},"jetpack_sharing_enabled":true,"_links":{"self":[{"href":"https:\/\/ideal-shopping.fr\/index.php?rest_route=\/wp\/v2\/product\/4615","targetHints":{"allow":["GET"]}}],"collection":[{"href":"https:\/\/ideal-shopping.fr\/index.php?rest_route=\/wp\/v2\/product"}],"about":[{"href":"https:\/\/ideal-shopping.fr\/index.php?rest_route=\/wp\/v2\/types\/product"}],"wp:featuredmedia":[{"embeddable":true,"href":"https:\/\/ideal-shopping.fr\/index.php?rest_route=\/wp\/v2\/media\/4617"}],"wp:attachment":[{"href":"https:\/\/ideal-shopping.fr\/index.php?rest_route=%2Fwp%2Fv2%2Fmedia&parent=4615"}],"wp:term":[{"taxonomy":"product_brand","embeddable":true,"href":"https:\/\/ideal-shopping.fr\/index.php?rest_route=%2Fwp%2Fv2%2Fproduct_brand&post=4615"},{"taxonomy":"product_cat","embeddable":true,"href":"https:\/\/ideal-shopping.fr\/index.php?rest_route=%2Fwp%2Fv2%2Fproduct_cat&post=4615"},{"taxonomy":"product_tag","embeddable":true,"href":"https:\/\/ideal-shopping.fr\/index.php?rest_route=%2Fwp%2Fv2%2Fproduct_tag&post=4615"}],"curies":[{"name":"wp","href":"https:\/\/api.w.org\/{rel}","templated":true}]}}