{"id":4607,"date":"2025-09-18T17:31:03","date_gmt":"2025-09-18T15:31:03","guid":{"rendered":"https:\/\/ideal-shopping.fr\/?post_type=product&#038;p=4607"},"modified":"2026-01-07T11:44:30","modified_gmt":"2026-01-07T10:44:30","slug":"manteau-en-laine-mmlucca-barkley","status":"publish","type":"product","link":"https:\/\/ideal-shopping.fr\/?product=manteau-en-laine-mmlucca-barkley","title":{"rendered":"Manteau en laine MMLucca Barkley"},"content":{"rendered":"<p>Adoptez une sophistication classique avec ce manteau intemporel en laine, confectionn\u00e9 dans un motif chin\u00e9 raffin\u00e9. Dot\u00e9 d&rsquo;un \u00e9l\u00e9gant col classique, d&rsquo;une fermeture boutonn\u00e9e et de poches fonctionnelles, il allie style et praticit\u00e9 sans effort. Indispensable et polyvalent, ce manteau sublimera toutes vos tenues<\/p>\n<p><span dir=\"auto\">70 % laine<\/span><br \/>\n<span dir=\"auto\">20 % polyester<\/span><br \/>\n<span dir=\"auto\">5 % lyocell<\/span><br \/>\n<span dir=\"auto\">5 % autres fibres<\/span><\/p>\n","protected":false},"excerpt":{"rendered":"<p>Adoptez une sophistication classique avec ce manteau intemporel en laine, confectionn\u00e9 dans un motif chin\u00e9 raffin\u00e9. Dot\u00e9 d&rsquo;un \u00e9l\u00e9gant col classique, d&rsquo;une fermeture boutonn\u00e9e et de poches fonctionnelles, il allie style et praticit\u00e9 sans effort. Indispensable et polyvalent, ce manteau sublimera toutes vos tenues 70 % laine 20 % polyester 5 % lyocell 5 %&hellip;<\/p>\n","protected":false},"featured_media":4609,"template":"","meta":[],"product_brand":[],"product_cat":[15],"product_tag":[],"class_list":{"0":"post-4607","1":"product","2":"type-product","3":"status-publish","4":"has-post-thumbnail","6":"product_cat-non-classe","7":"pa_marque-mosmosh","9":"first","10":"instock","11":"sale","12":"shipping-taxable","13":"purchasable","14":"product-type-variable"},"jetpack_sharing_enabled":true,"_links":{"self":[{"href":"https:\/\/ideal-shopping.fr\/index.php?rest_route=\/wp\/v2\/product\/4607","targetHints":{"allow":["GET"]}}],"collection":[{"href":"https:\/\/ideal-shopping.fr\/index.php?rest_route=\/wp\/v2\/product"}],"about":[{"href":"https:\/\/ideal-shopping.fr\/index.php?rest_route=\/wp\/v2\/types\/product"}],"wp:featuredmedia":[{"embeddable":true,"href":"https:\/\/ideal-shopping.fr\/index.php?rest_route=\/wp\/v2\/media\/4609"}],"wp:attachment":[{"href":"https:\/\/ideal-shopping.fr\/index.php?rest_route=%2Fwp%2Fv2%2Fmedia&parent=4607"}],"wp:term":[{"taxonomy":"product_brand","embeddable":true,"href":"https:\/\/ideal-shopping.fr\/index.php?rest_route=%2Fwp%2Fv2%2Fproduct_brand&post=4607"},{"taxonomy":"product_cat","embeddable":true,"href":"https:\/\/ideal-shopping.fr\/index.php?rest_route=%2Fwp%2Fv2%2Fproduct_cat&post=4607"},{"taxonomy":"product_tag","embeddable":true,"href":"https:\/\/ideal-shopping.fr\/index.php?rest_route=%2Fwp%2Fv2%2Fproduct_tag&post=4607"}],"curies":[{"name":"wp","href":"https:\/\/api.w.org\/{rel}","templated":true}]}}