{"id":4588,"date":"2025-09-18T16:58:17","date_gmt":"2025-09-18T14:58:17","guid":{"rendered":"https:\/\/ideal-shopping.fr\/?post_type=product&#038;p=4588"},"modified":"2026-02-12T12:29:39","modified_gmt":"2026-02-12T11:29:39","slug":"chemise-honoria-2","status":"publish","type":"product","link":"https:\/\/ideal-shopping.fr\/?product=chemise-honoria-2","title":{"rendered":"Chemise Honoria"},"content":{"rendered":"<p>Chemise esprit officier \u00e0 pattes \u00e9paules et poches plaqu\u00e9es en popeline de Lyocell souple \u00e0 rayures, tiss\u00e9e en Italie.<\/p>\n<div class=\"free_desc\">\n<p>Fermeture boutonn\u00e9e par des boutons bijoux<br \/>\nManches longues<br \/>\nPoches plaqu\u00e9es \u00e0 rabats boutonn\u00e9s sur la poitrine<br \/>\nD\u00e9tails de pattes boutonn\u00e9es \u00e0 boutons bijoux aux \u00e9paules<\/p>\n<\/div>\n<p class=\"composition\">80% Lyocell 20% Polyamide<\/p>\n","protected":false},"excerpt":{"rendered":"<p>Chemise esprit officier \u00e0 pattes \u00e9paules et poches plaqu\u00e9es en popeline de Lyocell souple \u00e0 rayures, tiss\u00e9e en Italie. Fermeture boutonn\u00e9e par des boutons bijoux Manches longues Poches plaqu\u00e9es \u00e0 rabats boutonn\u00e9s sur la poitrine D\u00e9tails de pattes boutonn\u00e9es \u00e0 boutons bijoux aux \u00e9paules 80% Lyocell 20% Polyamide<\/p>\n","protected":false},"featured_media":4590,"template":"","meta":[],"product_brand":[],"product_cat":[15],"product_tag":[],"class_list":{"0":"post-4588","1":"product","2":"type-product","3":"status-publish","4":"has-post-thumbnail","6":"product_cat-non-classe","7":"pa_marque-sessun","9":"first","10":"instock","11":"shipping-taxable","12":"purchasable","13":"product-type-variable"},"jetpack_sharing_enabled":true,"_links":{"self":[{"href":"https:\/\/ideal-shopping.fr\/index.php?rest_route=\/wp\/v2\/product\/4588","targetHints":{"allow":["GET"]}}],"collection":[{"href":"https:\/\/ideal-shopping.fr\/index.php?rest_route=\/wp\/v2\/product"}],"about":[{"href":"https:\/\/ideal-shopping.fr\/index.php?rest_route=\/wp\/v2\/types\/product"}],"wp:featuredmedia":[{"embeddable":true,"href":"https:\/\/ideal-shopping.fr\/index.php?rest_route=\/wp\/v2\/media\/4590"}],"wp:attachment":[{"href":"https:\/\/ideal-shopping.fr\/index.php?rest_route=%2Fwp%2Fv2%2Fmedia&parent=4588"}],"wp:term":[{"taxonomy":"product_brand","embeddable":true,"href":"https:\/\/ideal-shopping.fr\/index.php?rest_route=%2Fwp%2Fv2%2Fproduct_brand&post=4588"},{"taxonomy":"product_cat","embeddable":true,"href":"https:\/\/ideal-shopping.fr\/index.php?rest_route=%2Fwp%2Fv2%2Fproduct_cat&post=4588"},{"taxonomy":"product_tag","embeddable":true,"href":"https:\/\/ideal-shopping.fr\/index.php?rest_route=%2Fwp%2Fv2%2Fproduct_tag&post=4588"}],"curies":[{"name":"wp","href":"https:\/\/api.w.org\/{rel}","templated":true}]}}