{"id":4570,"date":"2025-09-16T16:15:24","date_gmt":"2025-09-16T14:15:24","guid":{"rendered":"https:\/\/ideal-shopping.fr\/?post_type=product&#038;p=4570"},"modified":"2026-01-07T12:01:06","modified_gmt":"2026-01-07T11:01:06","slug":"cabas-a-carreaux-brun-beige-et-rouge","status":"publish","type":"product","link":"https:\/\/ideal-shopping.fr\/?product=cabas-a-carreaux-brun-beige-et-rouge","title":{"rendered":"Cabas \u00e0 carreaux brun, beige et rouge"},"content":{"rendered":"<div class=\"GeneralInfo_block__ribts\">\n<div class=\"GeneralInfo_description__GyKC5\">\n<ul>\n<li>Fermeture aimant\u00e9e<\/li>\n<li>Compartiment s\u00e9par\u00e9<\/li>\n<li>Doublure int\u00e9rieure<\/li>\n<\/ul>\n<p>&nbsp;<\/p>\n<\/div>\n<\/div>\n<div class=\"GeneralInfo_block__ribts\">\n<div class=\"GeneralInfo_title__BKPWX\" role=\"heading\" aria-level=\"1\">Tissu<\/div>\n<div class=\"GeneralInfo_composition__QcwFZ\">\n<p>50% Laine;50% Polyester<br \/>\nCouche externe: 100% Polyur\u00e9thane<br \/>\nDoublure: 100% Polyester<\/p>\n<\/div>\n<\/div>\n<div class=\"GeneralInfo_block__ribts\">\n<div class=\"GeneralInfo_title__BKPWX\" role=\"heading\" aria-level=\"1\">Mesures<\/div>\n<div>Sac : 40 x 19 x 39 cm<br \/>\nHauteur poign\u00e9e : 19 cm<\/div>\n<\/div>\n","protected":false},"excerpt":{"rendered":"<p>Fermeture aimant\u00e9e Compartiment s\u00e9par\u00e9 Doublure int\u00e9rieure &nbsp; Tissu 50% Laine;50% Polyester Couche externe: 100% Polyur\u00e9thane Doublure: 100% Polyester Mesures Sac : 40 x 19 x 39 cm Hauteur poign\u00e9e : 19 cm<\/p>\n","protected":false},"featured_media":4571,"template":"","meta":[],"product_brand":[],"product_cat":[15],"product_tag":[],"class_list":{"0":"post-4570","1":"product","2":"type-product","3":"status-publish","4":"has-post-thumbnail","6":"product_cat-non-classe","7":"pa_marque-essentiel","9":"first","10":"instock","11":"sale","12":"shipping-taxable","13":"purchasable","14":"product-type-simple"},"jetpack_sharing_enabled":true,"_links":{"self":[{"href":"https:\/\/ideal-shopping.fr\/index.php?rest_route=\/wp\/v2\/product\/4570","targetHints":{"allow":["GET"]}}],"collection":[{"href":"https:\/\/ideal-shopping.fr\/index.php?rest_route=\/wp\/v2\/product"}],"about":[{"href":"https:\/\/ideal-shopping.fr\/index.php?rest_route=\/wp\/v2\/types\/product"}],"wp:featuredmedia":[{"embeddable":true,"href":"https:\/\/ideal-shopping.fr\/index.php?rest_route=\/wp\/v2\/media\/4571"}],"wp:attachment":[{"href":"https:\/\/ideal-shopping.fr\/index.php?rest_route=%2Fwp%2Fv2%2Fmedia&parent=4570"}],"wp:term":[{"taxonomy":"product_brand","embeddable":true,"href":"https:\/\/ideal-shopping.fr\/index.php?rest_route=%2Fwp%2Fv2%2Fproduct_brand&post=4570"},{"taxonomy":"product_cat","embeddable":true,"href":"https:\/\/ideal-shopping.fr\/index.php?rest_route=%2Fwp%2Fv2%2Fproduct_cat&post=4570"},{"taxonomy":"product_tag","embeddable":true,"href":"https:\/\/ideal-shopping.fr\/index.php?rest_route=%2Fwp%2Fv2%2Fproduct_tag&post=4570"}],"curies":[{"name":"wp","href":"https:\/\/api.w.org\/{rel}","templated":true}]}}