{"id":4532,"date":"2025-09-16T12:26:40","date_gmt":"2025-09-16T10:26:40","guid":{"rendered":"https:\/\/ideal-shopping.fr\/?post_type=product&#038;p=4532"},"modified":"2026-01-07T12:04:04","modified_gmt":"2026-01-07T11:04:04","slug":"harlow","status":"publish","type":"product","link":"https:\/\/ideal-shopping.fr\/?product=harlow","title":{"rendered":"Harlow"},"content":{"rendered":"<p>Manteau court \u00e9lastiqu\u00e9 esprit blouson, en tartan de laine double tissage, souple et duveteux, tiss\u00e9 en Italie<\/p>\n<div class=\"free_desc\">\n<p>Col montant<br \/>\nFermeture \u00e0 double boutonnage<br \/>\nPoches passepoil\u00e9es<br \/>\nBas de corps et poignets \u00e9lastiqu\u00e9s<br \/>\nD\u00e9tails de plis au dos<\/p>\n<\/div>\n<p class=\"composition\">75% Laine 25% Polyamide<\/p>\n","protected":false},"excerpt":{"rendered":"<p>Manteau court \u00e9lastiqu\u00e9 esprit blouson, en tartan de laine double tissage, souple et duveteux, tiss\u00e9 en Italie Col montant Fermeture \u00e0 double boutonnage Poches passepoil\u00e9es Bas de corps et poignets \u00e9lastiqu\u00e9s D\u00e9tails de plis au dos 75% Laine 25% Polyamide<\/p>\n","protected":false},"featured_media":4534,"template":"","meta":[],"product_brand":[],"product_cat":[15],"product_tag":[],"class_list":{"0":"post-4532","1":"product","2":"type-product","3":"status-publish","4":"has-post-thumbnail","6":"product_cat-non-classe","7":"pa_marque-sessun","9":"first","10":"instock","11":"sale","12":"shipping-taxable","13":"purchasable","14":"product-type-variable"},"jetpack_sharing_enabled":true,"_links":{"self":[{"href":"https:\/\/ideal-shopping.fr\/index.php?rest_route=\/wp\/v2\/product\/4532","targetHints":{"allow":["GET"]}}],"collection":[{"href":"https:\/\/ideal-shopping.fr\/index.php?rest_route=\/wp\/v2\/product"}],"about":[{"href":"https:\/\/ideal-shopping.fr\/index.php?rest_route=\/wp\/v2\/types\/product"}],"wp:featuredmedia":[{"embeddable":true,"href":"https:\/\/ideal-shopping.fr\/index.php?rest_route=\/wp\/v2\/media\/4534"}],"wp:attachment":[{"href":"https:\/\/ideal-shopping.fr\/index.php?rest_route=%2Fwp%2Fv2%2Fmedia&parent=4532"}],"wp:term":[{"taxonomy":"product_brand","embeddable":true,"href":"https:\/\/ideal-shopping.fr\/index.php?rest_route=%2Fwp%2Fv2%2Fproduct_brand&post=4532"},{"taxonomy":"product_cat","embeddable":true,"href":"https:\/\/ideal-shopping.fr\/index.php?rest_route=%2Fwp%2Fv2%2Fproduct_cat&post=4532"},{"taxonomy":"product_tag","embeddable":true,"href":"https:\/\/ideal-shopping.fr\/index.php?rest_route=%2Fwp%2Fv2%2Fproduct_tag&post=4532"}],"curies":[{"name":"wp","href":"https:\/\/api.w.org\/{rel}","templated":true}]}}