{"id":4475,"date":"2025-09-13T11:53:53","date_gmt":"2025-09-13T09:53:53","guid":{"rendered":"https:\/\/ideal-shopping.fr\/?post_type=product&#038;p=4475"},"modified":"2026-01-07T12:07:41","modified_gmt":"2026-01-07T11:07:41","slug":"chemise-pastel","status":"publish","type":"product","link":"https:\/\/ideal-shopping.fr\/?product=chemise-pastel","title":{"rendered":"Chemise Pastel"},"content":{"rendered":"<p>Chemise en popeline ray\u00e9e<\/p>\n<p>Col et patte de boutonnage \u00e0 volant<\/p>\n<p>Empi\u00e8cement \u00e9paule<\/p>\n<p>Grand poignet \u00e0 volant<\/p>\n<p>Bas arrondi<\/p>\n<p>Fentes sur les c\u00f4t\u00e9s<\/p>\n<p>100% Coton<\/p>\n<p>&nbsp;<\/p>\n","protected":false},"excerpt":{"rendered":"<p>Chemise en popeline ray\u00e9e Col et patte de boutonnage \u00e0 volant Empi\u00e8cement \u00e9paule Grand poignet \u00e0 volant Bas arrondi Fentes sur les c\u00f4t\u00e9s 100% Coton &nbsp;<\/p>\n","protected":false},"featured_media":4477,"template":"","meta":[],"product_brand":[],"product_cat":[15],"product_tag":[],"class_list":{"0":"post-4475","1":"product","2":"type-product","3":"status-publish","4":"has-post-thumbnail","6":"product_cat-non-classe","7":"pa_marque-bella-jones","9":"first","10":"instock","11":"sale","12":"shipping-taxable","13":"purchasable","14":"product-type-variable"},"jetpack_sharing_enabled":true,"_links":{"self":[{"href":"https:\/\/ideal-shopping.fr\/index.php?rest_route=\/wp\/v2\/product\/4475","targetHints":{"allow":["GET"]}}],"collection":[{"href":"https:\/\/ideal-shopping.fr\/index.php?rest_route=\/wp\/v2\/product"}],"about":[{"href":"https:\/\/ideal-shopping.fr\/index.php?rest_route=\/wp\/v2\/types\/product"}],"wp:featuredmedia":[{"embeddable":true,"href":"https:\/\/ideal-shopping.fr\/index.php?rest_route=\/wp\/v2\/media\/4477"}],"wp:attachment":[{"href":"https:\/\/ideal-shopping.fr\/index.php?rest_route=%2Fwp%2Fv2%2Fmedia&parent=4475"}],"wp:term":[{"taxonomy":"product_brand","embeddable":true,"href":"https:\/\/ideal-shopping.fr\/index.php?rest_route=%2Fwp%2Fv2%2Fproduct_brand&post=4475"},{"taxonomy":"product_cat","embeddable":true,"href":"https:\/\/ideal-shopping.fr\/index.php?rest_route=%2Fwp%2Fv2%2Fproduct_cat&post=4475"},{"taxonomy":"product_tag","embeddable":true,"href":"https:\/\/ideal-shopping.fr\/index.php?rest_route=%2Fwp%2Fv2%2Fproduct_tag&post=4475"}],"curies":[{"name":"wp","href":"https:\/\/api.w.org\/{rel}","templated":true}]}}