{"id":4458,"date":"2025-09-12T15:40:33","date_gmt":"2025-09-12T13:40:33","guid":{"rendered":"https:\/\/ideal-shopping.fr\/?post_type=product&#038;p=4458"},"modified":"2026-01-07T12:08:23","modified_gmt":"2026-01-07T11:08:23","slug":"pantalon-diego-charro-noir","status":"publish","type":"product","link":"https:\/\/ideal-shopping.fr\/?product=pantalon-diego-charro-noir","title":{"rendered":"Pantalon Diego &#8211; Charro Noir"},"content":{"rendered":"<p>Confectionn\u00e9 en coton doux et \u00e9pais tiss\u00e9 \u00e0 la main, le pantalon Diego arbore une base noire profonde, parsem\u00e9e de subtils motifs floraux gris et orn\u00e9e d&#8217;empi\u00e8cements lat\u00e9raux brod\u00e9s ton sur ton. Sa coupe droite \u00e9pouse la silhouette avec fluidit\u00e9, alliant raffinement et aisance.<\/p>\n<p>100 % coton tiss\u00e9 \u00e0 la main avec broderie.<\/p>\n","protected":false},"excerpt":{"rendered":"<p>Confectionn\u00e9 en coton doux et \u00e9pais tiss\u00e9 \u00e0 la main, le pantalon Diego arbore une base noire profonde, parsem\u00e9e de subtils motifs floraux gris et orn\u00e9e d&#8217;empi\u00e8cements lat\u00e9raux brod\u00e9s ton sur ton. Sa coupe droite \u00e9pouse la silhouette avec fluidit\u00e9, alliant raffinement et aisance. 100 % coton tiss\u00e9 \u00e0 la main avec broderie.<\/p>\n","protected":false},"featured_media":4460,"template":"","meta":[],"product_brand":[],"product_cat":[15],"product_tag":[],"class_list":{"0":"post-4458","1":"product","2":"type-product","3":"status-publish","4":"has-post-thumbnail","6":"product_cat-non-classe","7":"pa_marque-maison-hotel","9":"first","10":"instock","11":"sale","12":"shipping-taxable","13":"purchasable","14":"product-type-variable"},"jetpack_sharing_enabled":true,"_links":{"self":[{"href":"https:\/\/ideal-shopping.fr\/index.php?rest_route=\/wp\/v2\/product\/4458","targetHints":{"allow":["GET"]}}],"collection":[{"href":"https:\/\/ideal-shopping.fr\/index.php?rest_route=\/wp\/v2\/product"}],"about":[{"href":"https:\/\/ideal-shopping.fr\/index.php?rest_route=\/wp\/v2\/types\/product"}],"wp:featuredmedia":[{"embeddable":true,"href":"https:\/\/ideal-shopping.fr\/index.php?rest_route=\/wp\/v2\/media\/4460"}],"wp:attachment":[{"href":"https:\/\/ideal-shopping.fr\/index.php?rest_route=%2Fwp%2Fv2%2Fmedia&parent=4458"}],"wp:term":[{"taxonomy":"product_brand","embeddable":true,"href":"https:\/\/ideal-shopping.fr\/index.php?rest_route=%2Fwp%2Fv2%2Fproduct_brand&post=4458"},{"taxonomy":"product_cat","embeddable":true,"href":"https:\/\/ideal-shopping.fr\/index.php?rest_route=%2Fwp%2Fv2%2Fproduct_cat&post=4458"},{"taxonomy":"product_tag","embeddable":true,"href":"https:\/\/ideal-shopping.fr\/index.php?rest_route=%2Fwp%2Fv2%2Fproduct_tag&post=4458"}],"curies":[{"name":"wp","href":"https:\/\/api.w.org\/{rel}","templated":true}]}}