{"id":4453,"date":"2025-09-12T15:34:27","date_gmt":"2025-09-12T13:34:27","guid":{"rendered":"https:\/\/ideal-shopping.fr\/?post_type=product&#038;p=4453"},"modified":"2026-01-07T12:09:05","modified_gmt":"2026-01-07T11:09:05","slug":"veste-wesley-bleu-western","status":"publish","type":"product","link":"https:\/\/ideal-shopping.fr\/?product=veste-wesley-bleu-western","title":{"rendered":"Veste Wesley &#8211; Bleu Western"},"content":{"rendered":"<p><span dir=\"auto\">La veste Wesley en bleu western.<\/span><\/p>\n<p data-start=\"875\" data-end=\"1046\"><span dir=\"auto\">Denim de coton d\u00e9lav\u00e9 \u00e0 la pierre, coupe bomber, doux au toucher et l\u00e9g\u00e8rement oversize. Une doublure en velours c\u00f4tel\u00e9 dissimule l&rsquo;int\u00e9rieur, apportant l\u00e9g\u00e8ret\u00e9, chaleur et contraste discret.<\/span><\/p>\n<p data-start=\"875\" data-end=\"1046\">100 % denim.<\/p>\n","protected":false},"excerpt":{"rendered":"<p>La veste Wesley en bleu western. Denim de coton d\u00e9lav\u00e9 \u00e0 la pierre, coupe bomber, doux au toucher et l\u00e9g\u00e8rement oversize. Une doublure en velours c\u00f4tel\u00e9 dissimule l&rsquo;int\u00e9rieur, apportant l\u00e9g\u00e8ret\u00e9, chaleur et contraste discret. 100 % denim.<\/p>\n","protected":false},"featured_media":4455,"template":"","meta":[],"product_brand":[],"product_cat":[15],"product_tag":[],"class_list":{"0":"post-4453","1":"product","2":"type-product","3":"status-publish","4":"has-post-thumbnail","6":"product_cat-non-classe","7":"pa_marque-maison-hotel","9":"first","10":"instock","11":"sale","12":"shipping-taxable","13":"purchasable","14":"product-type-variable"},"jetpack_sharing_enabled":true,"_links":{"self":[{"href":"https:\/\/ideal-shopping.fr\/index.php?rest_route=\/wp\/v2\/product\/4453","targetHints":{"allow":["GET"]}}],"collection":[{"href":"https:\/\/ideal-shopping.fr\/index.php?rest_route=\/wp\/v2\/product"}],"about":[{"href":"https:\/\/ideal-shopping.fr\/index.php?rest_route=\/wp\/v2\/types\/product"}],"wp:featuredmedia":[{"embeddable":true,"href":"https:\/\/ideal-shopping.fr\/index.php?rest_route=\/wp\/v2\/media\/4455"}],"wp:attachment":[{"href":"https:\/\/ideal-shopping.fr\/index.php?rest_route=%2Fwp%2Fv2%2Fmedia&parent=4453"}],"wp:term":[{"taxonomy":"product_brand","embeddable":true,"href":"https:\/\/ideal-shopping.fr\/index.php?rest_route=%2Fwp%2Fv2%2Fproduct_brand&post=4453"},{"taxonomy":"product_cat","embeddable":true,"href":"https:\/\/ideal-shopping.fr\/index.php?rest_route=%2Fwp%2Fv2%2Fproduct_cat&post=4453"},{"taxonomy":"product_tag","embeddable":true,"href":"https:\/\/ideal-shopping.fr\/index.php?rest_route=%2Fwp%2Fv2%2Fproduct_tag&post=4453"}],"curies":[{"name":"wp","href":"https:\/\/api.w.org\/{rel}","templated":true}]}}